{"id":5958,"date":"2017-11-15T09:42:45","date_gmt":"2017-11-15T09:42:45","guid":{"rendered":"https:\/\/thesan.com\/download\/"},"modified":"2025-11-25T11:11:07","modified_gmt":"2025-11-25T11:11:07","slug":"download","status":"publish","type":"page","link":"https:\/\/thesan.com\/fr\/download\/","title":{"rendered":"Download"},"content":{"rendered":"<p><div class=\"fusion-fullwidth fullwidth-box fusion-builder-row-1 fusion-flex-container has-pattern-background has-mask-background faded-background fusion-parallax-none nonhundred-percent-fullwidth non-hundred-percent-height-scrolling lazyload\" style=\"--awb-background-position:center top;--awb-border-radius-top-left:0px;--awb-border-radius-top-right:0px;--awb-border-radius-bottom-right:0px;--awb-border-radius-bottom-left:0px;--awb-padding-top:8vw;--awb-padding-bottom:8vw;--awb-min-height:calc( 100vh - 110px );--awb-background-size:cover;--awb-flex-wrap:wrap;\" data-bg=\"https:\/\/thesan.com\/wp-content\/uploads\/2025\/02\/flussi-ambientate-blurred-10-1024x585.png\" ><div class=\"fullwidth-faded lazyload\" style=\"--awb-background-position:center top;--awb-background-size:cover;\" data-bg=\"https:\/\/thesan.com\/wp-content\/uploads\/2025\/02\/flussi-ambientate-blurred-10-1024x585.png\" ><\/div><div class=\"fusion-builder-row fusion-row fusion-flex-align-items-center fusion-flex-justify-content-center fusion-flex-content-wrap\" style=\"max-width:1227.2px;margin-left: calc(-4% \/ 2 );margin-right: calc(-4% \/ 2 );\"><div class=\"fusion-layout-column fusion_builder_column fusion-builder-column-0 fusion_builder_column_2_3 2_3 fusion-flex-column fusion-animated\" style=\"--awb-bg-color:rgba(10,10,10,0.38);--awb-bg-color-hover:rgba(10,10,10,0.38);--awb-bg-size:cover;--awb-width-large:66.666666666667%;--awb-margin-top-large:90px;--awb-spacing-right-large:2.88%;--awb-margin-bottom-large:90px;--awb-spacing-left-large:2.88%;--awb-width-medium:100%;--awb-order-medium:0;--awb-spacing-right-medium:1.92%;--awb-spacing-left-medium:1.92%;--awb-width-small:100%;--awb-order-small:0;--awb-spacing-right-small:1.92%;--awb-spacing-left-small:1.92%;\" data-animationType=\"fadeInUp\" data-animationDuration=\"0.8\" data-animationOffset=\"top-into-view\" data-scroll-devices=\"small-visibility,medium-visibility,large-visibility\"><div class=\"fusion-column-wrapper fusion-column-has-shadow fusion-flex-justify-content-flex-start fusion-content-layout-column\"><div class=\"fusion-title title fusion-title-1 fusion-title-center fusion-title-text fusion-title-size-one\" style=\"--awb-text-color:#ffffff;--awb-margin-top:40px;\"><div class=\"title-sep-container title-sep-container-left\"><div class=\"title-sep sep- sep-solid\" style=\"border-color:var(--awb-color6);\"><\/div><\/div><span class=\"awb-title-spacer\"><\/span><h1 class=\"fusion-title-heading title-heading-center fusion-responsive-typography-calculated\" style=\"font-family:&quot;Raleway&quot;;font-style:normal;font-weight:400;margin:0;--fontSize:68;line-height:var(--awb-typography1-line-height);\">DOWNLOAD<\/h1><span class=\"awb-title-spacer\"><\/span><div class=\"title-sep-container title-sep-container-right\"><div class=\"title-sep sep- sep-solid\" style=\"border-color:var(--awb-color6);\"><\/div><\/div><\/div><div class=\"fusion-separator\" style=\"align-self: center;margin-left: auto;margin-right: auto;margin-bottom:20px;width:100%;max-width:160px;\"><div class=\"fusion-separator-border sep-single\" style=\"--awb-height:20px;--awb-amount:20px;--awb-sep-color:#ffffff;border-color:#ffffff;border-top-width:2px;\"><\/div><\/div><div class=\"fusion-text fusion-text-1 fusion-text-no-margin\" style=\"--awb-content-alignment:center;--awb-font-size:18px;--awb-text-color:#ffffff;--awb-margin-bottom:30px;--awb-text-font-family:&quot;Raleway&quot;;--awb-text-font-style:normal;--awb-text-font-weight:500;\"><p><span class=\"TextRun SCXW35700208 BCX8\" lang=\"IT-IT\" xml:lang=\"IT-IT\" data-contrast=\"auto\"><span class=\"NormalTextRun SCXW35700208 BCX8\">T\u00e9l\u00e9chargez et consultez le mat\u00e9riel technique<\/span><\/span><\/p>\n<\/div><\/div><\/div><\/div><\/div><div class=\"fusion-fullwidth fullwidth-box fusion-builder-row-2 fusion-flex-container has-pattern-background has-mask-background nonhundred-percent-fullwidth non-hundred-percent-height-scrolling\" style=\"--awb-border-radius-top-left:0px;--awb-border-radius-top-right:0px;--awb-border-radius-bottom-right:0px;--awb-border-radius-bottom-left:0px;--awb-padding-bottom:30px;--awb-flex-wrap:wrap;\" ><div class=\"fusion-builder-row fusion-row fusion-flex-align-items-flex-start fusion-flex-content-wrap\" style=\"max-width:1227.2px;margin-left: calc(-4% \/ 2 );margin-right: calc(-4% \/ 2 );\"><div class=\"fusion-layout-column fusion_builder_column fusion-builder-column-1 fusion_builder_column_1_3 1_3 fusion-flex-column\" style=\"--awb-bg-size:cover;--awb-width-large:33.333333333333%;--awb-margin-top-large:15px;--awb-spacing-right-large:5.76%;--awb-margin-bottom-large:15px;--awb-spacing-left-large:5.76%;--awb-width-medium:100%;--awb-order-medium:0;--awb-spacing-right-medium:1.92%;--awb-spacing-left-medium:1.92%;--awb-width-small:100%;--awb-order-small:0;--awb-spacing-right-small:1.92%;--awb-spacing-left-small:1.92%;\" data-scroll-devices=\"small-visibility,medium-visibility,large-visibility\"><div class=\"fusion-column-wrapper fusion-column-has-shadow fusion-flex-justify-content-space-between fusion-content-layout-column\"><div class=\"fusion-title title fusion-title-2 fusion-title-text fusion-title-size-two\" style=\"--awb-text-color:var(--awb-color4);\"><div class=\"title-sep-container title-sep-container-left fusion-no-large-visibility fusion-no-medium-visibility fusion-no-small-visibility\"><div class=\"title-sep sep- sep-solid\" style=\"border-color:var(--awb-color6);\"><\/div><\/div><span class=\"awb-title-spacer fusion-no-large-visibility fusion-no-medium-visibility fusion-no-small-visibility\"><\/span><h2 class=\"fusion-title-heading title-heading-left fusion-responsive-typography-calculated\" style=\"font-family:&quot;Raleway&quot;;font-style:normal;font-weight:400;margin:0;--fontSize:44;line-height:var(--awb-typography1-line-height);\">CATALOGUES<\/h2><span class=\"awb-title-spacer\"><\/span><div class=\"title-sep-container title-sep-container-right\"><div class=\"title-sep sep- sep-solid\" style=\"border-color:var(--awb-color6);\"><\/div><\/div><\/div><div class=\"fusion-text fusion-text-2\"><p><a href=\"https:\/\/thesan.com\/wp-content\/uploads\/2025\/07\/Catalogo-Aircare-FRA-08-07.pdf\">Catalogue<\/a><\/p>\n<\/div><\/div><\/div><div class=\"fusion-layout-column fusion_builder_column fusion-builder-column-2 fusion_builder_column_1_3 1_3 fusion-flex-column\" style=\"--awb-bg-size:cover;--awb-width-large:33.333333333333%;--awb-margin-top-large:15px;--awb-spacing-right-large:5.76%;--awb-margin-bottom-large:15px;--awb-spacing-left-large:5.76%;--awb-width-medium:100%;--awb-order-medium:0;--awb-spacing-right-medium:1.92%;--awb-spacing-left-medium:1.92%;--awb-width-small:100%;--awb-order-small:0;--awb-spacing-right-small:1.92%;--awb-spacing-left-small:1.92%;\" data-scroll-devices=\"small-visibility,medium-visibility,large-visibility\"><div class=\"fusion-column-wrapper fusion-column-has-shadow fusion-flex-justify-content-flex-start fusion-content-layout-column\"><div class=\"fusion-title title fusion-title-3 fusion-title-text fusion-title-size-two\" style=\"--awb-text-color:#fdc400;\"><div class=\"title-sep-container title-sep-container-left fusion-no-large-visibility fusion-no-medium-visibility fusion-no-small-visibility\"><div class=\"title-sep sep- sep-solid\" style=\"border-color:var(--awb-color6);\"><\/div><\/div><span class=\"awb-title-spacer fusion-no-large-visibility fusion-no-medium-visibility fusion-no-small-visibility\"><\/span><h2 class=\"fusion-title-heading title-heading-left fusion-responsive-typography-calculated\" style=\"font-family:&quot;Raleway&quot;;font-style:normal;font-weight:400;margin:0;--fontSize:44;line-height:var(--awb-typography1-line-height);\"><p style=\"padding-left: 40px; text-align: center;\">AIRCARE ES<\/p><\/h2><span class=\"awb-title-spacer\"><\/span><div class=\"title-sep-container title-sep-container-right\"><div class=\"title-sep sep- sep-solid\" style=\"border-color:var(--awb-color6);\"><\/div><\/div><\/div><div class=\"fusion-text fusion-text-3\" style=\"--awb-content-alignment:center;\"><p style=\"text-align: left; padding-left: 40px; margin: 0;\"><a href=\"\/wp-content\/uploads\/2024\/09\/AIRCARE_ES_GUIDA_RAPIDA_00MK-MA0730-M2TH_REV-02_01-2021_ITA-ING_A5.pdf\" target=\"_blank\" rel=\"noopener\">Guide rapide ES<\/a><\/p>\n<p style=\"text-align: left; padding-left: 40px; margin: 0;\"><a href=\"https:\/\/thesan.com\/wp-content\/uploads\/2025\/09\/AIRCARE-ESW-guide-rapide.pdf\" target=\"_blank\" rel=\"noopener\">Guide rapide ESW<\/a><\/p>\n<p style=\"text-align: left; padding-left: 40px; margin: 0;\"><a href=\"\/wp-content\/uploads\/2024\/09\/AIRCARE_ES_INSTALLAZIONE_00MK-MA0270-M3TH_REV-11_11-2020_ITA-ING-TED-FRA_A5.pdf\" target=\"_blank\" rel=\"noopener\">Manuel d\u2019installation ES<\/a><\/p>\n<p style=\"text-align: left; padding-left: 40px; margin: 0;\"><a href=\"https:\/\/thesan.com\/wp-content\/uploads\/2025\/09\/AIRCARE-ESW-\u2013-INSTRUCTIONS-DE-MONTAGE.pdf\" target=\"_blank\" rel=\"noopener\">Manuel d\u2019installation ESW<\/a><\/p>\n<p style=\"text-align: left; padding-left: 40px; margin: 0;\"><a href=\"\/wp-content\/uploads\/2024\/09\/Aircare_ES_A5_007_032018_FUN-00MK-MA0290-M1TH.pdf\" target=\"_blank\" rel=\"noopener\">Guide de l\u2019utilisateur ES<\/a><\/p>\n<p style=\"text-align: left; padding-left: 40px; margin: 0;\"><a href=\"\/wp-content\/uploads\/2024\/09\/AIRCARE-ESW-UTENTE-00MK-MA0743-M100-10-02-2021.pdf\" target=\"_blank\" rel=\"noopener\">Guide de l\u2019utilisateur <\/a><a href=\"\/wp-content\/uploads\/2024\/09\/AIRCARE-ESW-UTENTE-00MK-MA0743-M100-10-02-2021.pdf\" target=\"_blank\" rel=\"noopener\">ESW<\/a><\/p>\n<p style=\"text-align: left; padding-left: 40px; margin: 0;\"><a href=\"\/wp-content\/uploads\/2024\/09\/WIFI-CONFIGURATION-FOR-AIRCARE-010-09-2021-REV-5.pdf\" target=\"_blank\" rel=\"noopener\">Manuel de configuration de l\u2019application<\/a><\/p>\n<p style=\"text-align: left; padding-left: 40px; margin: 0;\"><a href=\"\/wp-content\/uploads\/2024\/09\/GARANZIA-AIRCARE-00MK-MA0640-IT00-REV-1-ITA-ENG-SETTEMBRE-2021.pdf\" target=\"_blank\" rel=\"noopener\">Garantie<\/a><\/p>\n<p style=\"text-align: left; padding-left: 40px; margin: 0;\"><a href=\"\/wp-content\/uploads\/2024\/09\/Aircare_ES_A5_008_12-2018_Tech-00MK-MA0680-M1TH.pdf\" target=\"_blank\" rel=\"noopener\">Donn\u00e9es techniques<\/a><\/p>\n<p style=\"text-align: left; padding-left: 40px; margin: 0;\"><a href=\"\/wp-content\/uploads\/2024\/09\/Aircare_ES_certificato-tuv.pdf\" target=\"_blank\" rel=\"noopener\">Certificat T\u00dcV<\/a><\/p>\n<p style=\"text-align: left; padding-left: 40px; margin: 0;\"><a href=\"\/wp-content\/uploads\/2024\/09\/Aircare_ES_certificato-casaclima.pdf\" target=\"_blank\" rel=\"noopener\">Certificat CasaClima<\/a><\/p>\n<p style=\"text-align: left; padding-left: 40px; margin: 0;\"><a href=\"\/wp-content\/uploads\/2024\/09\/Aircare_ES_scheda-erp.pdf\" target=\"_blank\" rel=\"noopener\">Fiche Erp<\/a><\/p>\n<p style=\"text-align: left; padding-left: 40px; margin: 0;\"><a href=\"\/wp-content\/uploads\/2024\/09\/Aircare_Posizionamento-cassa-abs-22-10-2018-REV1-00MK-LF341-M400.pdf\" target=\"_blank\" rel=\"noopener\">Positionnement du caisson en ABS<\/a><\/p>\n<p style=\"text-align: left; padding-left: 40px; margin: 0;\"><a href=\"\/wp-content\/uploads\/2024\/09\/Aircare_Posizionamento-cassa-eps-21-11-2019.pdf\" target=\"_blank\" rel=\"noopener\">Positionnement du caisson en EPS<\/a><\/p>\n<p style=\"text-align: left; padding-left: 40px; margin: 0;\"><a href=\"\/wp-content\/uploads\/2024\/09\/Aircare_Posa-placca-filo-muro.pdf\" target=\"_blank\" rel=\"noopener\">Pose de la plaque au ras du mur<\/a><\/p>\n<\/div><\/div><\/div><div class=\"fusion-layout-column fusion_builder_column fusion-builder-column-3 fusion_builder_column_1_3 1_3 fusion-flex-column\" style=\"--awb-bg-size:cover;--awb-width-large:33.333333333333%;--awb-margin-top-large:15px;--awb-spacing-right-large:5.76%;--awb-margin-bottom-large:15px;--awb-spacing-left-large:5.76%;--awb-width-medium:100%;--awb-order-medium:0;--awb-spacing-right-medium:1.92%;--awb-spacing-left-medium:1.92%;--awb-width-small:100%;--awb-order-small:0;--awb-spacing-right-small:1.92%;--awb-spacing-left-small:1.92%;\" data-scroll-devices=\"small-visibility,medium-visibility,large-visibility\"><div class=\"fusion-column-wrapper fusion-column-has-shadow fusion-flex-justify-content-space-between fusion-content-layout-column\"><div class=\"fusion-title title fusion-title-4 fusion-title-text fusion-title-size-two\" style=\"--awb-text-color:var(--awb-color4);\"><div class=\"title-sep-container title-sep-container-left fusion-no-large-visibility fusion-no-medium-visibility fusion-no-small-visibility\"><div class=\"title-sep sep- sep-solid\" style=\"border-color:var(--awb-color6);\"><\/div><\/div><span class=\"awb-title-spacer fusion-no-large-visibility fusion-no-medium-visibility fusion-no-small-visibility\"><\/span><h2 class=\"fusion-title-heading title-heading-left fusion-responsive-typography-calculated\" style=\"font-family:&quot;Raleway&quot;;font-style:normal;font-weight:400;margin:0;--fontSize:44;line-height:var(--awb-typography1-line-height);\">AIRCARE AE<\/h2><span class=\"awb-title-spacer\"><\/span><div class=\"title-sep-container title-sep-container-right\"><div class=\"title-sep sep- sep-solid\" style=\"border-color:var(--awb-color6);\"><\/div><\/div><\/div><div class=\"fusion-text fusion-text-4\"><p style=\"margin: 0px;\"><a href=\"https:\/\/thesan.com\/wp-content\/uploads\/2025\/11\/Estrattore-Aircare-AEW-fra.pdf\" target=\"_blank\" rel=\"noopener\">D\u00e9tails et performance AEW<\/a><\/p>\n<p style=\"margin: 0px;\"><a href=\"\/wp-content\/uploads\/2024\/09\/Aircare_AE-REV-04-02-2018-SER-ELE-00MK-MA0390-M1TH.pdf\" target=\"_blank\" rel=\"noopener\">Guide de l&rsquo;utilisateur<\/a><\/p>\n<p style=\"margin: 0px;\"><a href=\"https:\/\/thesan.com\/wp-content\/uploads\/2025\/05\/AIRCARE_AEW_MANUALE_00MK-MA0745-M401_REV-00_01-2021_ITA-ING-FRA-TED-SPA_A5.pdf\">Manuel d&rsquo;installation<\/a><\/p>\n<p style=\"margin: 0px;\"><a href=\"\/wp-content\/uploads\/2024\/09\/Aircare_AE_scheda-erp.pdf\" target=\"_blank\" rel=\"noopener\">Fiche Erp<\/a><\/p>\n<p style=\"margin: 0px;\"><a href=\"\/wp-content\/uploads\/2024\/09\/GARANZIA-AIRCARE-00MK-MA0640-IT00-REV-1-ITA-ENG-SETTEMBRE-2021.pdf\" target=\"_blank\" rel=\"noopener\">Garantie<\/a><\/p>\n<p style=\"margin: 0px;\"><a href=\"\/wp-content\/uploads\/2024\/09\/Aircare_Posizionamento-cassa-abs-22-10-2018-REV1-00MK-LF341-M400.pdf\" target=\"_blank\" rel=\"noopener\">Positionnement du caisson ABS<\/a><\/p>\n<p style=\"margin: 0px;\"><a href=\"\/wp-content\/uploads\/2024\/09\/Aircare_Posizionamento-cassa-eps-21-11-2019.pdf\" target=\"_blank\" rel=\"noopener\">Positionnement du caisson EPS<\/a><\/p>\n<p style=\"margin: 0px;\"><a href=\"\/wp-content\/uploads\/2024\/09\/Aircare_Posa-placca-filo-muro.pdf\" target=\"_blank\" rel=\"noopener\">Pose de la plaque au ras du mur<\/a><\/p>\n<\/div><\/div><\/div><\/div><\/div><\/p>\n","protected":false},"excerpt":{"rendered":"","protected":false},"author":1,"featured_media":0,"parent":0,"menu_order":0,"comment_status":"closed","ping_status":"closed","template":"100-width.php","meta":{"footnotes":""},"class_list":["post-5958","page","type-page","status-publish","hentry"],"_links":{"self":[{"href":"https:\/\/thesan.com\/fr\/wp-json\/wp\/v2\/pages\/5958","targetHints":{"allow":["GET"]}}],"collection":[{"href":"https:\/\/thesan.com\/fr\/wp-json\/wp\/v2\/pages"}],"about":[{"href":"https:\/\/thesan.com\/fr\/wp-json\/wp\/v2\/types\/page"}],"author":[{"embeddable":true,"href":"https:\/\/thesan.com\/fr\/wp-json\/wp\/v2\/users\/1"}],"replies":[{"embeddable":true,"href":"https:\/\/thesan.com\/fr\/wp-json\/wp\/v2\/comments?post=5958"}],"version-history":[{"count":8,"href":"https:\/\/thesan.com\/fr\/wp-json\/wp\/v2\/pages\/5958\/revisions"}],"predecessor-version":[{"id":6262,"href":"https:\/\/thesan.com\/fr\/wp-json\/wp\/v2\/pages\/5958\/revisions\/6262"}],"wp:attachment":[{"href":"https:\/\/thesan.com\/fr\/wp-json\/wp\/v2\/media?parent=5958"}],"curies":[{"name":"wp","href":"https:\/\/api.w.org\/{rel}","templated":true}]}}