{"id":5961,"date":"2017-11-15T09:42:27","date_gmt":"2017-11-15T09:42:27","guid":{"rendered":"https:\/\/thesan.com\/produits-de-vmc\/"},"modified":"2025-10-13T13:31:06","modified_gmt":"2025-10-13T13:31:06","slug":"produits-de-vmc","status":"publish","type":"page","link":"https:\/\/thesan.com\/fr\/produits-de-vmc\/","title":{"rendered":"Produits de VMC"},"content":{"rendered":"<p><div class=\"fusion-fullwidth fullwidth-box fusion-builder-row-1 fusion-flex-container has-pattern-background has-mask-background fusion-parallax-none nonhundred-percent-fullwidth non-hundred-percent-height-scrolling lazyload\" style=\"--awb-border-radius-top-left:0px;--awb-border-radius-top-right:0px;--awb-border-radius-bottom-right:0px;--awb-border-radius-bottom-left:0px;--awb-padding-top:45px;--awb-background-color:var(--awb-color1);--awb-background-size:cover;--awb-flex-wrap:wrap;\" data-bg=\"https:\/\/thesan.ne-ws.it\/wp-content\/uploads\/2024\/10\/Savio_aircare__cover_25-scaled.jpg\" ><div class=\"fusion-builder-row fusion-row fusion-flex-align-items-flex-start fusion-flex-justify-content-center fusion-flex-content-wrap\" style=\"max-width:calc( 1180px + 0px );margin-left: calc(-0px \/ 2 );margin-right: calc(-0px \/ 2 );\"><div class=\"fusion-layout-column fusion_builder_column fusion-builder-column-0 fusion_builder_column_1_2 1_2 fusion-flex-column fusion-animated\" style=\"--awb-bg-color:rgba(10,10,10,0.5);--awb-bg-color-hover:rgba(10,10,10,0.5);--awb-bg-size:cover;--awb-width-large:50%;--awb-margin-top-large:90px;--awb-spacing-right-large:0px;--awb-margin-bottom-large:90px;--awb-spacing-left-large:0px;--awb-width-medium:100%;--awb-order-medium:0;--awb-spacing-right-medium:0px;--awb-spacing-left-medium:0px;--awb-width-small:100%;--awb-order-small:0;--awb-spacing-right-small:0px;--awb-spacing-left-small:0px;\" data-animationType=\"fadeInUp\" data-animationDuration=\"0.8\" data-animationOffset=\"top-into-view\" data-scroll-devices=\"small-visibility,medium-visibility,large-visibility\"><div class=\"fusion-column-wrapper fusion-column-has-shadow fusion-flex-justify-content-flex-start fusion-content-layout-column\"><div class=\"fusion-title title fusion-title-1 fusion-title-center fusion-title-text fusion-title-size-one\" style=\"--awb-text-color:#ffffff;--awb-margin-top:40px;\"><div class=\"title-sep-container title-sep-container-left\"><div class=\"title-sep sep- sep-solid\" style=\"border-color:var(--awb-color6);\"><\/div><\/div><span class=\"awb-title-spacer\"><\/span><h1 class=\"fusion-title-heading title-heading-center fusion-responsive-typography-calculated\" style=\"font-family:&quot;Raleway&quot;;font-style:normal;font-weight:400;margin:0;--fontSize:68;line-height:var(--awb-typography1-line-height);\">PRODUITS DE VMC<\/h1><span class=\"awb-title-spacer\"><\/span><div class=\"title-sep-container title-sep-container-right\"><div class=\"title-sep sep- sep-solid\" style=\"border-color:var(--awb-color6);\"><\/div><\/div><\/div><div class=\"fusion-separator\" style=\"align-self: center;margin-left: auto;margin-right: auto;margin-bottom:20px;width:100%;max-width:160px;\"><div class=\"fusion-separator-border sep-single\" style=\"--awb-height:20px;--awb-amount:20px;--awb-sep-color:#ffffff;border-color:#ffffff;border-top-width:2px;\"><\/div><\/div><div class=\"fusion-text fusion-text-1 fusion-text-no-margin\" style=\"--awb-content-alignment:center;--awb-font-size:18px;--awb-text-color:#ffffff;--awb-margin-bottom:30px;--awb-text-font-family:&quot;Raleway&quot;;--awb-text-font-style:normal;--awb-text-font-weight:500;\"><p>Syst\u00e8mes d\u00e9centralis\u00e9s Single Room<\/p>\n<\/div><\/div><\/div><\/div><\/div><div class=\"fusion-fullwidth fullwidth-box fusion-builder-row-2 fusion-flex-container has-pattern-background has-mask-background nonhundred-percent-fullwidth non-hundred-percent-height-scrolling\" style=\"--awb-border-radius-top-left:0px;--awb-border-radius-top-right:0px;--awb-border-radius-bottom-right:0px;--awb-border-radius-bottom-left:0px;--awb-background-color:var(--awb-color1);--awb-flex-wrap:wrap;\" ><div class=\"fusion-builder-row fusion-row fusion-flex-align-items-flex-start fusion-flex-content-wrap\" style=\"max-width:1227.2px;margin-left: calc(-4% \/ 2 );margin-right: calc(-4% \/ 2 );\"><div class=\"fusion-layout-column fusion_builder_column fusion-builder-column-1 fusion_builder_column_1_1 1_1 fusion-flex-column\" style=\"--awb-bg-size:cover;--awb-width-large:100%;--awb-margin-top-large:15px;--awb-spacing-right-large:1.92%;--awb-margin-bottom-large:15px;--awb-spacing-left-large:1.92%;--awb-width-medium:100%;--awb-order-medium:0;--awb-spacing-right-medium:1.92%;--awb-spacing-left-medium:1.92%;--awb-width-small:100%;--awb-order-small:0;--awb-spacing-right-small:1.92%;--awb-spacing-left-small:1.92%;\"><div class=\"fusion-column-wrapper fusion-column-has-shadow fusion-flex-justify-content-flex-start fusion-content-layout-column\"><div class=\"fusion-separator fusion-full-width-sep\" style=\"align-self: center;margin-left: auto;margin-right: auto;margin-top:10px;margin-bottom:10px;width:100%;\"><div class=\"fusion-separator-border sep-single\" style=\"--awb-height:20px;--awb-amount:20px;--awb-sep-color:var(--awb-color1);border-color:var(--awb-color1);border-top-width:41px;\"><\/div><\/div><div class=\"fusion-text fusion-text-2\" style=\"--awb-content-alignment:justify;--awb-text-color:var(--awb-color7);--awb-text-font-family:&quot;Raleway&quot;;--awb-text-font-style:normal;--awb-text-font-weight:400;\"><div class=\"flex max-w-full flex-col flex-grow\">\n<div class=\"min-h-8 text-message flex w-full flex-col items-end gap-2 whitespace-normal break-words &#091;.text-message+&amp;&#093;:mt-5\" dir=\"auto\" data-message-author-role=\"assistant\" data-message-id=\"4a78db03-e780-4861-b07c-c2ce134416c2\">\n<div class=\"flex w-full flex-col gap-1 empty:hidden first:pt-&#091;3px&#093;\">\n<div class=\"markdown prose w-full break-words dark:prose-invert light\">\n<p style=\"text-align: left;\">Aircare est la gamme de syst\u00e8mes d\u00e9centralis\u00e9e pour la <strong>Ventilation M\u00e9canique Contr\u00f4l\u00e9e <\/strong><strong>(VMC)<\/strong>, con\u00e7ue pour assurer un <strong>renouvellement d\u2019air<\/strong> efficace et une <strong>filtration <\/strong>optimale des espaces int\u00e9rieurs. Avec un design compact et polyvalent, Aircare s\u2019adapte parfaitement \u00e0 diverses configurations architecturales, offrant des solutions int\u00e9gr\u00e9es dans les menuiseries, encastr\u00e9es ou appliqu\u00e9es en surface murale.<\/p>\n<p style=\"text-align: left;\">D\u00e9couvrez nos solutions pour am\u00e9liorer la qualit\u00e9 de l\u2019air dans votre maison ou votre bureau.<\/p>\n<\/div>\n<\/div>\n<\/div>\n<\/div>\n<div class=\"mb-2 flex gap-3 empty:hidden -ml-2\">\n<div class=\"items-center justify-start rounded-xl p-1 flex\" style=\"text-align: left;\"><\/div>\n<\/div>\n<\/div><\/div><\/div><\/div><\/div><div class=\"fusion-fullwidth fullwidth-box fusion-builder-row-3 fusion-flex-container has-pattern-background has-mask-background nonhundred-percent-fullwidth non-hundred-percent-height-scrolling\" style=\"--awb-border-radius-top-left:0px;--awb-border-radius-top-right:0px;--awb-border-radius-bottom-right:0px;--awb-border-radius-bottom-left:0px;--awb-background-color:var(--awb-color1);--awb-flex-wrap:wrap;\" ><div class=\"fusion-builder-row fusion-row fusion-flex-align-items-flex-start fusion-flex-content-wrap\" style=\"max-width:1227.2px;margin-left: calc(-4% \/ 2 );margin-right: calc(-4% \/ 2 );\"><div class=\"fusion-layout-column fusion_builder_column fusion-builder-column-2 fusion_builder_column_1_1 1_1 fusion-flex-column fusion-animated\" style=\"--awb-bg-size:cover;--awb-width-large:100%;--awb-margin-top-large:15px;--awb-spacing-right-large:1.92%;--awb-margin-bottom-large:15px;--awb-spacing-left-large:1.92%;--awb-width-medium:100%;--awb-order-medium:0;--awb-spacing-right-medium:1.92%;--awb-spacing-left-medium:1.92%;--awb-width-small:100%;--awb-order-small:0;--awb-spacing-right-small:1.92%;--awb-spacing-left-small:1.92%;\" data-animationType=\"fadeInUp\" data-animationDuration=\"1.0\" data-animationOffset=\"top-into-view\" data-scroll-devices=\"small-visibility,medium-visibility,large-visibility\"><div class=\"fusion-column-wrapper fusion-column-has-shadow fusion-flex-justify-content-flex-start fusion-content-layout-column\"><div class=\"fusion-slider-sc\"><div class=\"fusion-flexslider-loading flexslider fusion-aligncenter flexslider-hover-type-none\" data-slideshow_autoplay=\"1\" data-slideshow_smooth_height=\"1\" data-slideshow_speed=\"2550\" style=\"max-width:100%;height:100%;\"><ul class=\"slides\"><li class=\"image\"><span class=\"lazyload fusion-image-hover-element hover-type-none\"><img decoding=\"async\" src=\"https:\/\/thesan.com\/wp-content\/uploads\/2024\/11\/Savio_aircare_ambient_airflow_serramento-scaled.jpg\" data-orig-src=\"https:\/\/thesan.com\/wp-content\/uploads\/2024\/11\/Savio_aircare_ambient_airflow_serramento-scaled.jpg\" alt=\"Sistemi di ventilazione meccanica controllata Thesan Aircare per casa e ufficio\" width=\"2560\" height=\"1463\" class=\"lazyload wp-image-4779\" srcset=\"data:image\/svg+xml,%3Csvg%20xmlns%3D%27http%3A%2F%2Fwww.w3.org%2F2000%2Fsvg%27%20width%3D%272560%27%20height%3D%271463%27%20viewBox%3D%270%200%202560%201463%27%3E%3Crect%20width%3D%272560%27%20height%3D%271463%27%20fill-opacity%3D%220%22%2F%3E%3C%2Fsvg%3E\" data-srcset=\"https:\/\/thesan.com\/wp-content\/uploads\/2024\/11\/Savio_aircare_ambient_airflow_serramento-200x114.jpg 200w, https:\/\/thesan.com\/wp-content\/uploads\/2024\/11\/Savio_aircare_ambient_airflow_serramento-400x229.jpg 400w, https:\/\/thesan.com\/wp-content\/uploads\/2024\/11\/Savio_aircare_ambient_airflow_serramento-600x343.jpg 600w, https:\/\/thesan.com\/wp-content\/uploads\/2024\/11\/Savio_aircare_ambient_airflow_serramento-800x457.jpg 800w, https:\/\/thesan.com\/wp-content\/uploads\/2024\/11\/Savio_aircare_ambient_airflow_serramento-1200x686.jpg 1200w, https:\/\/thesan.com\/wp-content\/uploads\/2024\/11\/Savio_aircare_ambient_airflow_serramento-scaled.jpg 2560w\" data-sizes=\"auto\" data-orig-sizes=\"(max-width: 1000px) 100vw, (max-width: 640px) 100vw, 1200px\" data-orig- title=\"\"><\/span><\/li><li class=\"image\"><span class=\"lazyload fusion-image-hover-element hover-type-none\"><img decoding=\"async\" src=\"https:\/\/thesan.com\/wp-content\/uploads\/2024\/11\/flussi1-scaled.jpg\" data-orig-src=\"https:\/\/thesan.com\/wp-content\/uploads\/2024\/11\/flussi1-scaled.jpg\" alt=\"Estrattori e scambiatori d\u2019aria VMC Thesan per un comfort abitativo ottimale\" width=\"2560\" height=\"1463\" class=\"lazyload wp-image-4786\" srcset=\"data:image\/svg+xml,%3Csvg%20xmlns%3D%27http%3A%2F%2Fwww.w3.org%2F2000%2Fsvg%27%20width%3D%272560%27%20height%3D%271463%27%20viewBox%3D%270%200%202560%201463%27%3E%3Crect%20width%3D%272560%27%20height%3D%271463%27%20fill-opacity%3D%220%22%2F%3E%3C%2Fsvg%3E\" data-srcset=\"https:\/\/thesan.com\/wp-content\/uploads\/2024\/11\/flussi1-200x114.jpg 200w, https:\/\/thesan.com\/wp-content\/uploads\/2024\/11\/flussi1-400x229.jpg 400w, https:\/\/thesan.com\/wp-content\/uploads\/2024\/11\/flussi1-600x343.jpg 600w, https:\/\/thesan.com\/wp-content\/uploads\/2024\/11\/flussi1-800x457.jpg 800w, https:\/\/thesan.com\/wp-content\/uploads\/2024\/11\/flussi1-1200x686.jpg 1200w, https:\/\/thesan.com\/wp-content\/uploads\/2024\/11\/flussi1-scaled.jpg 2560w\" data-sizes=\"auto\" data-orig-sizes=\"(max-width: 1000px) 100vw, (max-width: 640px) 100vw, 1200px\" data-orig- title=\"\"><\/span><\/li><li class=\"image\"><span class=\"lazyload fusion-image-hover-element hover-type-none\"><img decoding=\"async\" src=\"https:\/\/thesan.com\/wp-content\/uploads\/2024\/11\/bagno-flussi-1-1.jpg\" data-orig-src=\"https:\/\/thesan.com\/wp-content\/uploads\/2024\/11\/bagno-flussi-1-1.jpg\" alt=\"Prodotti Aircare VMC Thesan: efficienza energetica e aria sana\" width=\"2560\" height=\"1463\" class=\"lazyload wp-image-4819\" srcset=\"data:image\/svg+xml,%3Csvg%20xmlns%3D%27http%3A%2F%2Fwww.w3.org%2F2000%2Fsvg%27%20width%3D%272560%27%20height%3D%271463%27%20viewBox%3D%270%200%202560%201463%27%3E%3Crect%20width%3D%272560%27%20height%3D%271463%27%20fill-opacity%3D%220%22%2F%3E%3C%2Fsvg%3E\" data-srcset=\"https:\/\/thesan.com\/wp-content\/uploads\/2024\/11\/bagno-flussi-1-1-200x114.jpg 200w, https:\/\/thesan.com\/wp-content\/uploads\/2024\/11\/bagno-flussi-1-1-400x229.jpg 400w, https:\/\/thesan.com\/wp-content\/uploads\/2024\/11\/bagno-flussi-1-1-600x343.jpg 600w, https:\/\/thesan.com\/wp-content\/uploads\/2024\/11\/bagno-flussi-1-1-800x457.jpg 800w, https:\/\/thesan.com\/wp-content\/uploads\/2024\/11\/bagno-flussi-1-1-1200x686.jpg 1200w, https:\/\/thesan.com\/wp-content\/uploads\/2024\/11\/bagno-flussi-1-1.jpg 2560w\" data-sizes=\"auto\" data-orig-sizes=\"(max-width: 1000px) 100vw, (max-width: 640px) 100vw, 1200px\" data-orig- title=\"\"><\/span><\/li><li class=\"image\"><span class=\"lazyload fusion-image-hover-element hover-type-none\"><img decoding=\"async\" src=\"https:\/\/thesan.com\/wp-content\/uploads\/2024\/11\/salotto-flussi-1.jpg\" data-orig-src=\"https:\/\/thesan.com\/wp-content\/uploads\/2024\/11\/salotto-flussi-1.jpg\" alt=\"Gamma completa di sistemi VMC Thesan Aircare\" width=\"2560\" height=\"1463\" class=\"lazyload wp-image-4804\" srcset=\"data:image\/svg+xml,%3Csvg%20xmlns%3D%27http%3A%2F%2Fwww.w3.org%2F2000%2Fsvg%27%20width%3D%272560%27%20height%3D%271463%27%20viewBox%3D%270%200%202560%201463%27%3E%3Crect%20width%3D%272560%27%20height%3D%271463%27%20fill-opacity%3D%220%22%2F%3E%3C%2Fsvg%3E\" data-srcset=\"https:\/\/thesan.com\/wp-content\/uploads\/2024\/11\/salotto-flussi-1-200x114.jpg 200w, https:\/\/thesan.com\/wp-content\/uploads\/2024\/11\/salotto-flussi-1-400x229.jpg 400w, https:\/\/thesan.com\/wp-content\/uploads\/2024\/11\/salotto-flussi-1-600x343.jpg 600w, https:\/\/thesan.com\/wp-content\/uploads\/2024\/11\/salotto-flussi-1-800x457.jpg 800w, https:\/\/thesan.com\/wp-content\/uploads\/2024\/11\/salotto-flussi-1-1200x686.jpg 1200w, https:\/\/thesan.com\/wp-content\/uploads\/2024\/11\/salotto-flussi-1.jpg 2560w\" data-sizes=\"auto\" data-orig-sizes=\"(max-width: 1000px) 100vw, (max-width: 640px) 100vw, 1200px\" data-orig- title=\"\"><\/span><\/li><\/ul><\/div><\/div><\/div><\/div><\/div><\/div><div class=\"fusion-fullwidth fullwidth-box fusion-builder-row-4 fusion-flex-container has-pattern-background has-mask-background nonhundred-percent-fullwidth non-hundred-percent-height-scrolling\" style=\"--awb-border-radius-top-left:0px;--awb-border-radius-top-right:0px;--awb-border-radius-bottom-right:0px;--awb-border-radius-bottom-left:0px;--awb-background-color:var(--awb-color1);--awb-flex-wrap:wrap;\" ><div class=\"fusion-builder-row fusion-row fusion-flex-align-items-flex-start fusion-flex-content-wrap\" style=\"max-width:1227.2px;margin-left: calc(-4% \/ 2 );margin-right: calc(-4% \/ 2 );\"><div class=\"fusion-layout-column fusion_builder_column fusion-builder-column-3 fusion_builder_column_1_2 1_2 fusion-flex-column fusion-animated\" style=\"--awb-bg-size:cover;--awb-width-large:50%;--awb-margin-top-large:15px;--awb-spacing-right-large:3.84%;--awb-margin-bottom-large:15px;--awb-spacing-left-large:3.84%;--awb-width-medium:100%;--awb-order-medium:0;--awb-spacing-right-medium:1.92%;--awb-spacing-left-medium:1.92%;--awb-width-small:100%;--awb-order-small:0;--awb-spacing-right-small:1.92%;--awb-spacing-left-small:1.92%;\" data-animationType=\"fadeInUp\" data-animationDuration=\"1.0\" data-animationOffset=\"top-into-view\" data-scroll-devices=\"small-visibility,medium-visibility,large-visibility\"><div class=\"fusion-column-wrapper fusion-column-has-shadow fusion-flex-justify-content-flex-start fusion-content-layout-column\"><div style=\"text-align:center;\"><a class=\"fusion-button button-flat fusion-button-default-size button-custom fusion-button-default button-1 fusion-button-default-span fusion-button-default-type\" style=\"--button_accent_color:var(--awb-color1);--button_accent_hover_color:var(--awb-color1);--button_border_hover_color:var(--awb-color1);--button_gradient_top_color:var(--awb-color7);--button_gradient_bottom_color:var(--awb-color7);--button_gradient_top_color_hover:var(--awb-color4);--button_gradient_bottom_color_hover:var(--awb-color4);--button_typography-font-family:&quot;Raleway&quot;;--button_typography-font-style:normal;--button_typography-font-weight:700;width:calc(100%);\" target=\"_self\" data-hover=\"underline\" href=\"https:\/\/thesan.com\/fr\/produits-de-vmc\/echangeurs-aircare-es\/\"><span class=\"fusion-button-text awb-button__text awb-button__text--default\">\u00c9CHANGEURS AIRCARE ES<\/span><\/a><\/div><div class=\"fusion-text fusion-text-3\" style=\"--awb-content-alignment:justify;--awb-text-color:var(--awb-color5);--awb-margin-top:20px;--awb-margin-right:10px;--awb-margin-left:10px;--awb-text-font-family:&quot;Raleway&quot;;--awb-text-font-style:normal;--awb-text-font-weight:400;\"><p class=\"uk-h3 uk-margin-top\">D\u00e9couvrez le <strong>syst\u00e8me d\u00e9centralis\u00e9<\/strong> de Ventilation M\u00e9canique Contr\u00f4l\u00e9e (VMC) avec <strong>r\u00e9cup\u00e9ration de chaleur<\/strong> et <strong>filtration de l\u2019air.<\/strong><\/p>\n<\/div><\/div><\/div><div class=\"fusion-layout-column fusion_builder_column fusion-builder-column-4 fusion_builder_column_1_2 1_2 fusion-flex-column fusion-animated\" style=\"--awb-bg-size:cover;--awb-width-large:50%;--awb-margin-top-large:15px;--awb-spacing-right-large:3.84%;--awb-margin-bottom-large:15px;--awb-spacing-left-large:3.84%;--awb-width-medium:100%;--awb-order-medium:0;--awb-spacing-right-medium:1.92%;--awb-spacing-left-medium:1.92%;--awb-width-small:100%;--awb-order-small:0;--awb-spacing-right-small:1.92%;--awb-spacing-left-small:1.92%;\" data-animationType=\"fadeInUp\" data-animationDuration=\"1.0\" data-animationOffset=\"top-into-view\" data-scroll-devices=\"small-visibility,medium-visibility,large-visibility\"><div class=\"fusion-column-wrapper fusion-column-has-shadow fusion-flex-justify-content-flex-start fusion-content-layout-column\"><div style=\"text-align:center;\"><a class=\"fusion-button button-flat fusion-button-default-size button-custom fusion-button-default button-2 fusion-button-default-span fusion-button-default-type\" style=\"--button_accent_color:var(--awb-color1);--button_accent_hover_color:var(--awb-color1);--button_border_hover_color:var(--awb-color1);--button_gradient_top_color:var(--awb-color7);--button_gradient_bottom_color:var(--awb-color7);--button_gradient_top_color_hover:var(--awb-color4);--button_gradient_bottom_color_hover:var(--awb-color4);--button_typography-font-family:&quot;Raleway&quot;;--button_typography-font-style:normal;--button_typography-font-weight:700;width:calc(100%);\" target=\"_self\" data-hover=\"underline\" href=\"https:\/\/thesan.com\/fr\/produits-de-vmc\/extracteurs-aircare-ae\/\"><span class=\"fusion-button-text awb-button__text awb-button__text--default\">EXTRACTEURS AIRCARE AE<\/span><\/a><\/div><div class=\"fusion-text fusion-text-4\" style=\"--awb-content-alignment:justify;--awb-text-color:var(--awb-color5);--awb-margin-top:20px;--awb-margin-right:10px;--awb-margin-left:10px;--awb-text-font-family:&quot;Raleway&quot;;--awb-text-font-style:normal;--awb-text-font-weight:400;\"><p class=\"uk-h3 uk-margin-top\">D\u00e9couvrez le <strong>syst\u00e8me d\u00e9centralis\u00e9<\/strong> de Ventilation M\u00e9canique Contr\u00f4l\u00e9e (VMC) et <strong>d\u2019extraction d\u2019air.<\/strong><\/p>\n<\/div><\/div><\/div><\/div><\/div><div class=\"fusion-fullwidth fullwidth-box fusion-builder-row-5 fusion-flex-container has-pattern-background has-mask-background nonhundred-percent-fullwidth non-hundred-percent-height-scrolling\" style=\"--awb-border-radius-top-left:0px;--awb-border-radius-top-right:0px;--awb-border-radius-bottom-right:0px;--awb-border-radius-bottom-left:0px;--awb-background-color:var(--awb-color1);--awb-flex-wrap:wrap;\" ><div class=\"fusion-builder-row fusion-row fusion-flex-align-items-flex-start fusion-flex-content-wrap\" style=\"max-width:1227.2px;margin-left: calc(-4% \/ 2 );margin-right: calc(-4% \/ 2 );\"><div class=\"fusion-layout-column fusion_builder_column fusion-builder-column-5 fusion_builder_column_1_1 1_1 fusion-flex-column\" style=\"--awb-bg-size:cover;--awb-width-large:100%;--awb-margin-top-large:15px;--awb-spacing-right-large:1.92%;--awb-margin-bottom-large:15px;--awb-spacing-left-large:1.92%;--awb-width-medium:100%;--awb-order-medium:0;--awb-spacing-right-medium:1.92%;--awb-spacing-left-medium:1.92%;--awb-width-small:100%;--awb-order-small:0;--awb-spacing-right-small:1.92%;--awb-spacing-left-small:1.92%;\"><div class=\"fusion-column-wrapper fusion-column-has-shadow fusion-flex-justify-content-flex-start fusion-content-layout-column\"><div class=\"fusion-separator fusion-full-width-sep\" style=\"align-self: center;margin-left: auto;margin-right: auto;margin-top:10px;margin-bottom:10px;width:100%;\"><div class=\"fusion-separator-border sep-single\" style=\"--awb-height:20px;--awb-amount:20px;--awb-sep-color:var(--awb-color1);border-color:var(--awb-color1);border-top-width:41px;\"><\/div><\/div><div class=\"fusion-separator fusion-full-width-sep\" style=\"align-self: center;margin-left: auto;margin-right: auto;width:100%;\"><div class=\"fusion-separator-border sep-single\" style=\"--awb-height:20px;--awb-amount:20px;--awb-sep-color:var(--awb-color1);border-color:var(--awb-color1);border-top-width:1px;\"><\/div><\/div><div class=\"fusion-separator fusion-full-width-sep\" style=\"align-self: center;margin-left: auto;margin-right: auto;width:100%;\"><div class=\"fusion-separator-border sep-single\" style=\"--awb-height:20px;--awb-amount:20px;--awb-sep-color:var(--awb-color1);border-color:var(--awb-color1);border-top-width:1px;\"><\/div><\/div><\/div><\/div><\/div><\/div><\/p>\n","protected":false},"excerpt":{"rendered":"","protected":false},"author":1,"featured_media":0,"parent":0,"menu_order":0,"comment_status":"closed","ping_status":"closed","template":"100-width.php","meta":{"footnotes":""},"class_list":["post-5961","page","type-page","status-publish","hentry"],"_links":{"self":[{"href":"https:\/\/thesan.com\/fr\/wp-json\/wp\/v2\/pages\/5961","targetHints":{"allow":["GET"]}}],"collection":[{"href":"https:\/\/thesan.com\/fr\/wp-json\/wp\/v2\/pages"}],"about":[{"href":"https:\/\/thesan.com\/fr\/wp-json\/wp\/v2\/types\/page"}],"author":[{"embeddable":true,"href":"https:\/\/thesan.com\/fr\/wp-json\/wp\/v2\/users\/1"}],"replies":[{"embeddable":true,"href":"https:\/\/thesan.com\/fr\/wp-json\/wp\/v2\/comments?post=5961"}],"version-history":[{"count":6,"href":"https:\/\/thesan.com\/fr\/wp-json\/wp\/v2\/pages\/5961\/revisions"}],"predecessor-version":[{"id":6158,"href":"https:\/\/thesan.com\/fr\/wp-json\/wp\/v2\/pages\/5961\/revisions\/6158"}],"wp:attachment":[{"href":"https:\/\/thesan.com\/fr\/wp-json\/wp\/v2\/media?parent=5961"}],"curies":[{"name":"wp","href":"https:\/\/api.w.org\/{rel}","templated":true}]}}