{"id":5967,"date":"2024-09-04T07:54:47","date_gmt":"2024-09-04T07:54:47","guid":{"rendered":"https:\/\/thesan.com\/cookie-policy\/"},"modified":"2025-07-09T08:47:52","modified_gmt":"2025-07-09T08:47:52","slug":"cookie-policy","status":"publish","type":"page","link":"https:\/\/thesan.com\/fr\/cookie-policy\/","title":{"rendered":"Cookie Policy"},"content":{"rendered":"<div class=\"fusion-fullwidth fullwidth-box fusion-builder-row-1 fusion-flex-container nonhundred-percent-fullwidth non-hundred-percent-height-scrolling\" style=\"--awb-border-radius-top-left:0px;--awb-border-radius-top-right:0px;--awb-border-radius-bottom-right:0px;--awb-border-radius-bottom-left:0px;--awb-flex-wrap:wrap;\" ><div class=\"fusion-builder-row fusion-row fusion-flex-align-items-flex-start fusion-flex-content-wrap\" style=\"max-width:1227.2px;margin-left: calc(-4% \/ 2 );margin-right: calc(-4% \/ 2 );\"><div class=\"fusion-layout-column fusion_builder_column fusion-builder-column-0 fusion_builder_column_1_1 1_1 fusion-flex-column\" style=\"--awb-bg-size:cover;--awb-width-large:100%;--awb-margin-top-large:0px;--awb-spacing-right-large:1.92%;--awb-margin-bottom-large:0px;--awb-spacing-left-large:1.92%;--awb-width-medium:100%;--awb-spacing-right-medium:1.92%;--awb-spacing-left-medium:1.92%;--awb-width-small:100%;--awb-spacing-right-small:1.92%;--awb-spacing-left-small:1.92%;\"><div class=\"fusion-column-wrapper fusion-flex-justify-content-flex-start fusion-content-layout-column\"><div class=\"fusion-title title fusion-title-1 fusion-title-text fusion-title-size-one\"><div class=\"title-sep-container title-sep-container-left fusion-no-large-visibility fusion-no-medium-visibility fusion-no-small-visibility\"><div class=\"title-sep sep- sep-solid\" style=\"border-color:var(--awb-color6);\"><\/div><\/div><span class=\"awb-title-spacer fusion-no-large-visibility fusion-no-medium-visibility fusion-no-small-visibility\"><\/span><h1 class=\"fusion-title-heading title-heading-left fusion-responsive-typography-calculated\" style=\"margin:0;--fontSize:68;line-height:var(--awb-typography1-line-height);\">Informativa sui Cookie<\/h1><span class=\"awb-title-spacer\"><\/span><div class=\"title-sep-container title-sep-container-right\"><div class=\"title-sep sep- sep-solid\" style=\"border-color:var(--awb-color6);\"><\/div><\/div><\/div><div class=\"fusion-text fusion-text-1\"><p>Di seguito sono riportate alcune informazioni riguardanti l\u2019utilizzo dei cookie effettuato dal sito www.thesan.com.<\/p>\n<\/div><div class=\"fusion-title title fusion-title-2 fusion-title-text fusion-title-size-three\"><div class=\"title-sep-container title-sep-container-left fusion-no-large-visibility fusion-no-medium-visibility fusion-no-small-visibility\"><div class=\"title-sep sep- sep-solid\" style=\"border-color:var(--awb-color6);\"><\/div><\/div><span class=\"awb-title-spacer fusion-no-large-visibility fusion-no-medium-visibility fusion-no-small-visibility\"><\/span><h3 class=\"fusion-title-heading title-heading-left fusion-responsive-typography-calculated\" style=\"margin:0;--fontSize:26;line-height:var(--awb-typography1-line-height);\">1. Cosa si intende quando si parla di cookie?<\/h3><span class=\"awb-title-spacer\"><\/span><div class=\"title-sep-container title-sep-container-right\"><div class=\"title-sep sep- sep-solid\" style=\"border-color:var(--awb-color6);\"><\/div><\/div><\/div><div class=\"fusion-text fusion-text-2\"><p>I cookie sono piccoli file di testo che i siti visitati dall&rsquo;utente inviano al suo terminale (solitamente al browser), dove vengono memorizzati per essere poi ritrasmessi agli stessi siti alla successiva visita del medesimo utente. Nel corso della navigazione su un sito, l&rsquo;utente pu\u00f2 ricevere sul suo terminale anche cookie di siti o di web server diversi (c.d. cookie di \u00ab\u00a0terze parti\u00a0\u00bb); ci\u00f2 accade perch\u00e9 sul sito web visitato possono essere presenti elementi come, ad esempio, immagini, mappe, suoni, specifici link a pagine web di altri domini che risiedono su server diversi da quello sul quale si trova la pagina richiesta. In altre parole, sono quei cookie che vengono impostati da un sito web diverso da quello che si sta attualmente visitando.  <\/p>\n<p>I cookie sono usati per eseguire autenticazioni informatiche, monitoraggio di sessioni e memorizzazione di informazioni specifiche riguardanti gli utenti che accedono al server e di norma sono presenti nel browser di ciascun utente in numero molto elevato. Alcune operazioni non potrebbero essere compiute senza l&rsquo;uso dei cookie, che in alcuni casi sono quindi tecnicamente necessari: a titolo esemplificativo, l&rsquo;accesso alla propria pagina persona e le attivit\u00e0 che possono essere svolte sul proprio account online (visualizzazione dei propri dati, immagini e contenuti condivisi ecc.) sarebbero molto pi\u00f9 complesse da svolgere e meno sicure senza la presenza di cookie che consentono di identificare l&rsquo;utente e mantenerne l&rsquo;identificazione nell&rsquo;ambito della sessione. <\/p>\n<p>I cookie possono rimanere nel sistema anche per lunghi periodi e possono contenere anche un codice identificativo unico. Ci\u00f2 consente ai siti che li utilizzano di tenere traccia della navigazione dell&rsquo;utente all&rsquo;interno del sito stesso, per finalit\u00e0 statistiche o pubblicitarie, per creare cio\u00e8 un profilo personalizzato dell&rsquo;utente a partire dalle pagine che lo stesso ha visitato e mostrargli quindi pubblicit\u00e0 mirate (c.d. Behavioural Advertising). <\/p>\n<p>Visitando il sito www.thesan.com con il browser impostato in modalit\u00e0 \u201caccetto i cookie\u201d, o utilizzando i dispositivi, le applicazioni mobili o altri software, indichi di voler utilizzare i prodotti e i servizi ed acconsenti all&rsquo;utilizzo dei cookie e di altre tecnologie necessarie per visualizzarli, come descritto in questa informativa. La sezione seguente spiega come modificare le impostazioni del tuo browser in modo che tu possa essere avvisato quando ricevi un nuovo cookie o per consentirti di disabilitare i cookie.<\/p>\n<\/div><div class=\"fusion-title title fusion-title-3 fusion-title-text fusion-title-size-three\"><div class=\"title-sep-container title-sep-container-left fusion-no-large-visibility fusion-no-medium-visibility fusion-no-small-visibility\"><div class=\"title-sep sep- sep-solid\" style=\"border-color:var(--awb-color6);\"><\/div><\/div><span class=\"awb-title-spacer fusion-no-large-visibility fusion-no-medium-visibility fusion-no-small-visibility\"><\/span><h3 class=\"fusion-title-heading title-heading-left fusion-responsive-typography-calculated\" style=\"margin:0;--fontSize:26;line-height:var(--awb-typography1-line-height);\">2. Uso dei cookie<\/h3><span class=\"awb-title-spacer\"><\/span><div class=\"title-sep-container title-sep-container-right\"><div class=\"title-sep sep- sep-solid\" style=\"border-color:var(--awb-color6);\"><\/div><\/div><\/div><div class=\"fusion-text fusion-text-3\"><p>Visitando www.thesa.com, potete muovervi tra le pagine in forma anonima e avere accesso ad alcune informazioni senza rivelare la vostra identit\u00e0. Al fine di accedere ai servizi utilizziamo i \u00ab\u00a0cookie\u00a0\u00bb per permettere all&rsquo;utente una navigazione sicura al fine di individuare l&rsquo;utente autorizzato. <\/p>\n<p>Un cookie consiste in un ridotto insieme di dati trasferiti al vostro browser da un server Web e pu\u00f2 essere letto unicamente dal server che ha effettuato il trasferimento. Non si tratta di codice eseguibile e non trasmette virus. <\/p>\n<p>La quasi totalit\u00e0 dei browser \u00e8 inizialmente programmata ad accettare i cookie. Potete far s\u00ec che il browser vi avverta quando ricevete un cookie, permettendovi di scegliere se accettarlo o meno.<\/p>\n<\/div><div class=\"fusion-title title fusion-title-4 fusion-title-text fusion-title-size-three\"><div class=\"title-sep-container title-sep-container-left fusion-no-large-visibility fusion-no-medium-visibility fusion-no-small-visibility\"><div class=\"title-sep sep- sep-solid\" style=\"border-color:var(--awb-color6);\"><\/div><\/div><span class=\"awb-title-spacer fusion-no-large-visibility fusion-no-medium-visibility fusion-no-small-visibility\"><\/span><h3 class=\"fusion-title-heading title-heading-left fusion-responsive-typography-calculated\" style=\"margin:0;--fontSize:26;line-height:var(--awb-typography1-line-height);\">3. I cookie e come li utilizziamo<\/h3><span class=\"awb-title-spacer\"><\/span><div class=\"title-sep-container title-sep-container-right\"><div class=\"title-sep sep- sep-solid\" style=\"border-color:var(--awb-color6);\"><\/div><\/div><\/div><div class=\"fusion-text fusion-text-4\"><p>I cookie sono identificatori che vengono trasferiti sul tuo dispositivo al fine di consentire ai nostri sistemi di riconoscere il tuo dispositivo e per offrirti alcune funzionalit\u00e0, la pre-compilazione di form, la pubblicit\u00e0 definita in base ai tuoi interessi su altri siti internet.<\/p>\n<p>Utilizziamo i cookie anche per altri scopi, tra cui:<\/p>\n<p>\u2022 Fornirti contenuti, inclusa pubblicit\u00e0, pertinenti ai tuoi interessi sui nostri siti e su quelli di terzi.<\/p>\n<p>\u2022 La pubblicit\u00e0 definita in base ai tuoi interessi \u00e8 soggetta alle tue preferenze, come descritto nella sezione successiva.<\/p>\n<p>\u2022 Tenere traccia delle preferenze da te indicate. In questo modo possiamo rispettare le tue preferenze, per esempio in relazione alla visualizzazione della pubblicit\u00e0 basata sugli interessi. <\/p>\n<p>\u2022 Condurre ricerche e analisi per migliorare il contenuto, i prodotti ed i servizi.<\/p>\n<p>\u2022 Prevenire attivit\u00e0 fraudolente.<\/p>\n<p>\u2022 Migliorare la sicurezza. I cookie ti consentono di trarre vantaggio da alcune delle funzionalit\u00e0 essenziali. \u00c8 tuttavia possibile bloccare o rifiutare i nostri cookie, ma la navigazione potrebbe non risultare ottimale.<\/p>\n<\/div><div class=\"fusion-title title fusion-title-5 fusion-title-text fusion-title-size-four\"><div class=\"title-sep-container title-sep-container-left fusion-no-large-visibility fusion-no-medium-visibility fusion-no-small-visibility\"><div class=\"title-sep sep- sep-solid\" style=\"border-color:var(--awb-color6);\"><\/div><\/div><span class=\"awb-title-spacer fusion-no-large-visibility fusion-no-medium-visibility fusion-no-small-visibility\"><\/span><h4 class=\"fusion-title-heading title-heading-left fusion-responsive-typography-calculated\" style=\"margin:0;--fontSize:16;--minFontSize:16;line-height:var(--awb-typography1-line-height);\">3.1 Quali cookie utilizziamo<\/h4><span class=\"awb-title-spacer\"><\/span><div class=\"title-sep-container title-sep-container-right\"><div class=\"title-sep sep- sep-solid\" style=\"border-color:var(--awb-color6);\"><\/div><\/div><\/div>\n<div class=\"cky-audit-table-element\"><\/div>\n<div class=\"fusion-title title fusion-title-6 fusion-title-text fusion-title-size-four\"><div class=\"title-sep-container title-sep-container-left fusion-no-large-visibility fusion-no-medium-visibility fusion-no-small-visibility\"><div class=\"title-sep sep- sep-solid\" style=\"border-color:var(--awb-color6);\"><\/div><\/div><span class=\"awb-title-spacer fusion-no-large-visibility fusion-no-medium-visibility fusion-no-small-visibility\"><\/span><h4 class=\"fusion-title-heading title-heading-left fusion-responsive-typography-calculated\" style=\"margin:0;--fontSize:16;--minFontSize:16;line-height:var(--awb-typography1-line-height);\">3.2 Gestione delle preferenze dei cookie<\/h4><span class=\"awb-title-spacer\"><\/span><div class=\"title-sep-container title-sep-container-right\"><div class=\"title-sep sep- sep-solid\" style=\"border-color:var(--awb-color6);\"><\/div><\/div><\/div><div class=\"fusion-text fusion-text-5\"><p>Per gestire le preferenze di consenso dei cookie, clicca sul link di seguito o sul pulsante in basso a sinistra:<\/p>\n<\/div>\n<div class=\"menu-button-yellow\"><a class=\"cky-banner-element\"><span class=\"menu-text\">Gestione preferenze dei cookie<\/span><\/a><\/div>\n<div class=\"fusion-title title fusion-title-7 fusion-title-text fusion-title-size-three\"><div class=\"title-sep-container title-sep-container-left fusion-no-large-visibility fusion-no-medium-visibility fusion-no-small-visibility\"><div class=\"title-sep sep- sep-solid\" style=\"border-color:var(--awb-color6);\"><\/div><\/div><span class=\"awb-title-spacer fusion-no-large-visibility fusion-no-medium-visibility fusion-no-small-visibility\"><\/span><h3 class=\"fusion-title-heading title-heading-left fusion-responsive-typography-calculated\" style=\"margin:0;--fontSize:26;line-height:var(--awb-typography1-line-height);\">4. Web Analytics<\/h3><span class=\"awb-title-spacer\"><\/span><div class=\"title-sep-container title-sep-container-right\"><div class=\"title-sep sep- sep-solid\" style=\"border-color:var(--awb-color6);\"><\/div><\/div><\/div><div class=\"fusion-text fusion-text-6\"><p>Questo sito web utilizza Google Analytics, un servizio di analisi web fornito da Google Inc. (\u00ab\u00a0Google\u00a0\u00bb) . Google Analytics utilizza dei \u00ab\u00a0cookies\u00a0\u00bb, che sono file di testo depositati sul Vostro computer per consentire al sito web di analizzare come gli utenti utilizzano il sito.  <\/p>\n<p>Le informazioni generate dal cookie sull&rsquo;utilizzo del sito web (compreso il Vostro indirizzo IP anonimo) verranno trasmesse e depositate presso i server di Google negli Stati Uniti.<\/p>\n<p>Google utilizzer\u00e0 queste informazioni allo scopo di esaminare il Vostro utilizzo del sito web, compilare report sulle attivit\u00e0 del sito per gli operatori dello stesso e fornire altri servizi relativi alle attivit\u00e0 del sito web e all&rsquo;utilizzo di internet. Google pu\u00f2 anche trasferire queste informazioni a terzi ove ci\u00f2 sia imposto dalla legge o laddove tali terzi trattino le suddette informazioni per conto di Google. <\/p>\n<p>Google non assocer\u00e0 il vostro indirizzo IP a nessun altro dato posseduto da Google. Potete rifiutarvi di usare i cookies selezionando l&rsquo;impostazione appropriata sul vostro browser, ma si prega di notare che se si fa questo non si pu\u00f2 essere in grado di utilizzare tutte le funzionalit\u00e0 di questo sito web. Utilizzando il presente sito web, voi acconsentite al trattamento dei Vostri dati da parte di Google per le modalit\u00e0 ed i fini sopraindicati.  <\/p>\n<p>Si pu\u00f2 impedire a Google il rilevamento di un cookie che viene generato a causa di e legato al Vostro utilizzo di questo sito web (compreso il Vostro indirizzo IP) e l&rsquo;elaborazione di tali dati scaricando e installando questo plugin per il browser: http:\/\/tools.google.com\/dlpage\/gaoptout?hl=en.<\/p>\n<\/div><div class=\"fusion-title title fusion-title-8 fusion-title-text fusion-title-size-three\"><div class=\"title-sep-container title-sep-container-left fusion-no-large-visibility fusion-no-medium-visibility fusion-no-small-visibility\"><div class=\"title-sep sep- sep-solid\" style=\"border-color:var(--awb-color6);\"><\/div><\/div><span class=\"awb-title-spacer fusion-no-large-visibility fusion-no-medium-visibility fusion-no-small-visibility\"><\/span><h3 class=\"fusion-title-heading title-heading-left fusion-responsive-typography-calculated\" style=\"margin:0;--fontSize:26;line-height:var(--awb-typography1-line-height);\">5. Pubblicit\u00e0 su Internet<\/h3><span class=\"awb-title-spacer\"><\/span><div class=\"title-sep-container title-sep-container-right\"><div class=\"title-sep sep- sep-solid\" style=\"border-color:var(--awb-color6);\"><\/div><\/div><\/div><div class=\"fusion-text fusion-text-7\"><p>Sia sui siti posseduti e gestiti da THESAN Spa che su quelli di soggetti terzi, la societ\u00e0 non pubblica inserzioni pubblicitarie di terzi.<\/p>\n<\/div><div class=\"fusion-title title fusion-title-9 fusion-title-text fusion-title-size-three\"><div class=\"title-sep-container title-sep-container-left fusion-no-large-visibility fusion-no-medium-visibility fusion-no-small-visibility\"><div class=\"title-sep sep- sep-solid\" style=\"border-color:var(--awb-color6);\"><\/div><\/div><span class=\"awb-title-spacer fusion-no-large-visibility fusion-no-medium-visibility fusion-no-small-visibility\"><\/span><h3 class=\"fusion-title-heading title-heading-left fusion-responsive-typography-calculated\" style=\"margin:0;--fontSize:26;line-height:var(--awb-typography1-line-height);\">6. I cookie e le impostazioni del browser<\/h3><span class=\"awb-title-spacer\"><\/span><div class=\"title-sep-container title-sep-container-right\"><div class=\"title-sep sep- sep-solid\" style=\"border-color:var(--awb-color6);\"><\/div><\/div><\/div><div class=\"fusion-text fusion-text-8\"><p>La funzionalit\u00e0 Aiuto della maggior parte dei browser ti indicher\u00e0 come impedire che il browser accetti nuovi cookie, come fare in modo che il browser ti avverta quando ricevi un nuovo cookie e come poter disabilitare del tutto i cookie. Inoltre, puoi disabilitare o eliminare dati simili utilizzati dai componenti aggiuntivi del browser, quali i cookie Flash, cambiando le impostazioni del componente aggiuntivo o visitando il sito web del relativo produttore. 6.1 Come gestire i cookie sul tuo Computer Se si desidera consentire i cookie dal nostro sito, si prega di seguire i passaggi previsti nella sezione \u201cprivacy\u201d del browser utilizzato.<\/p>\n<\/div><\/div><\/div><\/div><\/div>\n","protected":false},"excerpt":{"rendered":"","protected":false},"author":1,"featured_media":0,"parent":0,"menu_order":0,"comment_status":"closed","ping_status":"closed","template":"100-width.php","meta":{"footnotes":""},"class_list":["post-5967","page","type-page","status-publish","hentry"],"_links":{"self":[{"href":"https:\/\/thesan.com\/fr\/wp-json\/wp\/v2\/pages\/5967","targetHints":{"allow":["GET"]}}],"collection":[{"href":"https:\/\/thesan.com\/fr\/wp-json\/wp\/v2\/pages"}],"about":[{"href":"https:\/\/thesan.com\/fr\/wp-json\/wp\/v2\/types\/page"}],"author":[{"embeddable":true,"href":"https:\/\/thesan.com\/fr\/wp-json\/wp\/v2\/users\/1"}],"replies":[{"embeddable":true,"href":"https:\/\/thesan.com\/fr\/wp-json\/wp\/v2\/comments?post=5967"}],"version-history":[{"count":0,"href":"https:\/\/thesan.com\/fr\/wp-json\/wp\/v2\/pages\/5967\/revisions"}],"wp:attachment":[{"href":"https:\/\/thesan.com\/fr\/wp-json\/wp\/v2\/media?parent=5967"}],"curies":[{"name":"wp","href":"https:\/\/api.w.org\/{rel}","templated":true}]}}