{"id":5983,"date":"2024-10-09T09:50:23","date_gmt":"2024-10-09T09:50:23","guid":{"rendered":"https:\/\/thesan.com\/systemes-de-filtration\/filtri\/"},"modified":"2025-07-14T07:25:18","modified_gmt":"2025-07-14T07:25:18","slug":"filtri","status":"publish","type":"page","link":"https:\/\/thesan.com\/fr\/filtri\/","title":{"rendered":"Filtres"},"content":{"rendered":"<p><div class=\"fusion-fullwidth fullwidth-box fusion-builder-row-1 fusion-flex-container has-pattern-background has-mask-background nonhundred-percent-fullwidth non-hundred-percent-height-scrolling\" style=\"--awb-border-radius-top-left:0px;--awb-border-radius-top-right:0px;--awb-border-radius-bottom-right:0px;--awb-border-radius-bottom-left:0px;--awb-padding-top:45px;--awb-background-color:var(--awb-color2);--awb-flex-wrap:wrap;\" ><div class=\"fusion-builder-row fusion-row fusion-flex-align-items-flex-start fusion-flex-justify-content-center fusion-flex-content-wrap\" style=\"max-width:calc( 1180px + 0px );margin-left: calc(-0px \/ 2 );margin-right: calc(-0px \/ 2 );\"><div class=\"fusion-layout-column fusion_builder_column fusion-builder-column-0 fusion_builder_column_2_3 2_3 fusion-flex-column fusion-animated\" style=\"--awb-bg-color:rgba(255,255,255,0);--awb-bg-color-hover:rgba(255,255,255,0);--awb-bg-blend:overlay;--awb-bg-size:cover;--awb-width-large:66.666666666667%;--awb-margin-top-large:85px;--awb-spacing-right-large:0px;--awb-margin-bottom-large:60px;--awb-spacing-left-large:0px;--awb-width-medium:100%;--awb-order-medium:0;--awb-spacing-right-medium:0px;--awb-spacing-left-medium:0px;--awb-width-small:100%;--awb-order-small:0;--awb-spacing-right-small:0px;--awb-spacing-left-small:0px;\" data-animationType=\"zoomIn\" data-animationDuration=\"0.9\" data-animationOffset=\"top-into-view\" data-scroll-devices=\"small-visibility,medium-visibility,large-visibility\"><div class=\"fusion-column-wrapper fusion-column-has-shadow fusion-flex-justify-content-flex-start fusion-content-layout-column\"><div class=\"fusion-title title fusion-title-1 fusion-sep-none fusion-title-center fusion-title-text fusion-title-size-one\" style=\"--awb-text-color:#293133;\"><h1 class=\"fusion-title-heading title-heading-center fusion-responsive-typography-calculated\" style=\"margin:0;--fontSize:68;line-height:var(--awb-typography1-line-height);\"><span style=\"color: var(--awb-color7);\">Filtres<\/span><\/h1><\/div><div class=\"fusion-separator\" style=\"align-self: center;margin-left: auto;margin-right: auto;margin-top:16px;margin-bottom:36px;width:100%;max-width:24%;\"><div class=\"fusion-separator-border sep-single\" style=\"--awb-height:20px;--awb-amount:20px;border-color:var(--awb-color6);border-top-width:2px;\"><\/div><\/div><\/div><\/div><div class=\"fusion-layout-column fusion_builder_column fusion-builder-column-1 fusion_builder_column_1_1 1_1 fusion-flex-column\" style=\"--awb-bg-blend:overlay;--awb-bg-size:cover;--awb-width-large:100%;--awb-margin-top-large:0px;--awb-spacing-right-large:0px;--awb-margin-bottom-large:0px;--awb-spacing-left-large:0px;--awb-width-medium:100%;--awb-spacing-right-medium:0px;--awb-spacing-left-medium:0px;--awb-width-small:100%;--awb-spacing-right-small:0px;--awb-spacing-left-small:0px;\"><div class=\"fusion-column-wrapper fusion-flex-justify-content-center fusion-content-layout-column\"><div class=\"fusion-section-separator section-separator big-half-circle fusion-section-separator-1\" style=\"--awb-spacer-height:99px;--awb-svg-margin-left:0px;--awb-svg-margin-right:0px;--awb-svg-margin-left-medium:0px;--awb-svg-margin-right-medium:0px;--awb-svg-margin-left-small:0px;--awb-svg-margin-right-small:0px;--awb-divider-height:99px;--awb-spacer-padding-top:inherit;--awb-sep-padding:0;--awb-svg-padding:0;\"><div class=\"fusion-section-separator-svg\"><svg class=\"fusion-big-half-circle-candy\" xmlns=\"http:\/\/www.w3.org\/2000\/svg\" version=\"1.1\" width=\"100%\" height=\"100\" viewBox=\"0 0 100 100\" preserveAspectRatio=\"none\" fill=\"rgba(255,255,255,1)\"><path d=\"M0 100 C40 0 60 0 100 100 Z\"><\/path><\/svg><\/div><div class=\"fusion-section-separator-spacer\"><div class=\"fusion-section-separator-spacer-height\"><\/div><\/div><\/div><\/div><\/div><\/div><\/div><div class=\"fusion-fullwidth fullwidth-box fusion-builder-row-2 fusion-flex-container nonhundred-percent-fullwidth non-hundred-percent-height-scrolling\" style=\"--awb-border-radius-top-left:0px;--awb-border-radius-top-right:0px;--awb-border-radius-bottom-right:0px;--awb-border-radius-bottom-left:0px;--awb-padding-top:80px;--awb-padding-bottom:80px;--awb-background-color:#ffffff;--awb-flex-wrap:wrap;\" ><div class=\"fusion-builder-row fusion-row fusion-flex-align-items-flex-start fusion-flex-content-wrap\" style=\"max-width:1274.4px;margin-left: calc(-8% \/ 2 );margin-right: calc(-8% \/ 2 );\"><div class=\"fusion-layout-column fusion_builder_column fusion-builder-column-2 fusion-flex-column fusion-flex-align-self-center\" style=\"--awb-bg-size:cover;--awb-width-large:45%;--awb-margin-top-large:15px;--awb-spacing-right-large:8.1777777777778%;--awb-margin-bottom-large:0px;--awb-spacing-left-large:8.1777777777778%;--awb-width-medium:100%;--awb-order-medium:0;--awb-spacing-right-medium:3.68%;--awb-spacing-left-medium:3.68%;--awb-width-small:100%;--awb-order-small:0;--awb-spacing-right-small:3.68%;--awb-margin-bottom-small:40px;--awb-spacing-left-small:3.68%;\"><div class=\"fusion-column-wrapper fusion-column-has-shadow fusion-flex-justify-content-flex-start fusion-content-layout-column\"><div class=\"fusion-image-element \" style=\"--awb-aspect-ratio: 100 \/ 138;--awb-caption-title-font-family:var(--h2_typography-font-family);--awb-caption-title-font-weight:var(--h2_typography-font-weight);--awb-caption-title-font-style:var(--h2_typography-font-style);--awb-caption-title-size:var(--h2_typography-font-size);--awb-caption-title-transform:var(--h2_typography-text-transform);--awb-caption-title-line-height:var(--h2_typography-line-height);--awb-caption-title-letter-spacing:var(--h2_typography-letter-spacing);\"><span class=\" fusion-imageframe imageframe-none imageframe-1 hover-type-none has-aspect-ratio fusion-animated\" style=\"--awb-animation-color:#efefef;\" data-animationType=\"revealInUp\" data-animationDuration=\"1.5\" data-animationDelay=\"0.5\" data-animationOffset=\"top-into-view\"><img decoding=\"async\" width=\"2560\" height=\"1828\" title=\"Concetto-filtrazione\" src=\"https:\/\/thesan.com\/wp-content\/uploads\/2024\/10\/Concetto-filtrazione-scaled.jpg\" data-orig-src=\"https:\/\/thesan.ne-ws.it\/wp-content\/uploads\/2024\/10\/Concetto-filtrazione-scaled.jpg\" class=\"lazyload img-responsive wp-image-4373 img-with-aspect-ratio\" data-parent-fit=\"cover\" data-parent-container=\".fusion-image-element\" srcset=\"data:image\/svg+xml,%3Csvg%20xmlns%3D%27http%3A%2F%2Fwww.w3.org%2F2000%2Fsvg%27%20width%3D%272560%27%20height%3D%271828%27%20viewBox%3D%270%200%202560%201828%27%3E%3Crect%20width%3D%272560%27%20height%3D%271828%27%20fill-opacity%3D%220%22%2F%3E%3C%2Fsvg%3E\" data-srcset=\"https:\/\/thesan.com\/wp-content\/uploads\/2024\/10\/Concetto-filtrazione-200x143.jpg 200w, https:\/\/thesan.com\/wp-content\/uploads\/2024\/10\/Concetto-filtrazione-400x286.jpg 400w, https:\/\/thesan.com\/wp-content\/uploads\/2024\/10\/Concetto-filtrazione-600x428.jpg 600w, https:\/\/thesan.com\/wp-content\/uploads\/2024\/10\/Concetto-filtrazione-800x571.jpg 800w, https:\/\/thesan.com\/wp-content\/uploads\/2024\/10\/Concetto-filtrazione-1200x857.jpg 1200w, https:\/\/thesan.com\/wp-content\/uploads\/2024\/10\/Concetto-filtrazione-scaled.jpg 2560w\" data-sizes=\"auto\" data-orig-sizes=\"(max-width: 1000px) 100vw, (max-width: 640px) 100vw, 600px\" alt=\"\"><\/span><\/div><\/div><\/div><div class=\"fusion-layout-column fusion_builder_column fusion-builder-column-3 fusion-flex-column fusion-flex-align-self-center\" style=\"--awb-padding-top:20px;--awb-bg-size:cover;--awb-width-large:50%;--awb-margin-top-large:15px;--awb-spacing-right-large:7.36%;--awb-margin-bottom-large:0px;--awb-spacing-left-large:7.36%;--awb-width-medium:100%;--awb-order-medium:0;--awb-spacing-right-medium:3.68%;--awb-spacing-left-medium:3.68%;--awb-width-small:100%;--awb-order-small:0;--awb-spacing-right-small:3.68%;--awb-spacing-left-small:3.68%;\"><div class=\"fusion-column-wrapper fusion-column-has-shadow fusion-flex-justify-content-flex-start fusion-content-layout-column\"><div class=\"fusion-title title fusion-title-2 fusion-title-center fusion-title-text fusion-title-size-one\" style=\"--awb-text-color:#fdc400;\"><div class=\"title-sep-container title-sep-container-left\"><div class=\"title-sep sep- sep-solid\" style=\"border-color:var(--awb-color6);\"><\/div><\/div><span class=\"awb-title-spacer\"><\/span><h1 class=\"fusion-title-heading title-heading-center fusion-responsive-typography-calculated\" style=\"font-family:&quot;Raleway&quot;;font-style:normal;font-weight:400;margin:0;--fontSize:68;line-height:var(--awb-typography1-line-height);\">Filtre HEPA<\/h1><span class=\"awb-title-spacer\"><\/span><div class=\"title-sep-container title-sep-container-right\"><div class=\"title-sep sep- sep-solid\" style=\"border-color:var(--awb-color6);\"><\/div><\/div><\/div><div class=\"fusion-separator\" style=\"align-self: center;margin-left: auto;margin-right: auto;margin-top:16px;margin-bottom:36px;width:100%;max-width:24%;\"><div class=\"fusion-separator-border sep-single\" style=\"--awb-height:20px;--awb-amount:20px;--awb-sep-color:var(--awb-color4);border-color:var(--awb-color4);border-top-width:2px;\"><\/div><\/div><div class=\"fusion-text fusion-text-1\" style=\"--awb-text-color:var(--awb-color7);--awb-text-font-family:&quot;Raleway&quot;;--awb-text-font-style:normal;--awb-text-font-weight:400;\"><p style=\"text-align: left;\"><strong data-start=\"69\" data-end=\"250\">Le filtre HEPA repr\u00e9sente aujourd\u2019hui la solution de filtration absolue pour un usage domestique : il est capable de filtrer des particules d\u2019un diam\u00e8tre inf\u00e9rieur \u00e0 0,3 micron.<\/strong><br data-start=\"250\" data-end=\"253\" \/>Une taille si minuscule qu\u2019elle est invisible \u00e0 l\u2019\u0153il nu, infiniment plus petite que le diam\u00e8tre d\u2019un globule rouge (7,5 \u00b5m) ou d\u2019un cheveu (65 \u00e0 78 \u00b5m).<\/p>\n<\/div><\/div><\/div><\/div><\/div><div class=\"fusion-fullwidth fullwidth-box fusion-builder-row-3 fusion-flex-container has-pattern-background has-mask-background nonhundred-percent-fullwidth non-hundred-percent-height-scrolling\" style=\"--awb-border-radius-top-left:0px;--awb-border-radius-top-right:0px;--awb-border-radius-bottom-right:0px;--awb-border-radius-bottom-left:0px;--awb-padding-top:80px;--awb-padding-bottom:80px;--awb-background-color:var(--awb-color7);--awb-flex-wrap:wrap;\" ><div class=\"fusion-builder-row fusion-row fusion-flex-align-items-flex-start fusion-flex-content-wrap\" style=\"max-width:1274.4px;margin-left: calc(-8% \/ 2 );margin-right: calc(-8% \/ 2 );\"><div class=\"fusion-layout-column fusion_builder_column fusion-builder-column-4 fusion-flex-column fusion-flex-align-self-center\" style=\"--awb-padding-top:20px;--awb-bg-size:cover;--awb-width-large:50%;--awb-margin-top-large:15px;--awb-spacing-right-large:7.36%;--awb-margin-bottom-large:0px;--awb-spacing-left-large:7.36%;--awb-width-medium:100%;--awb-order-medium:0;--awb-spacing-right-medium:3.68%;--awb-spacing-left-medium:3.68%;--awb-width-small:100%;--awb-order-small:0;--awb-spacing-right-small:3.68%;--awb-spacing-left-small:3.68%;\"><div class=\"fusion-column-wrapper fusion-column-has-shadow fusion-flex-justify-content-flex-start fusion-content-layout-column\"><div class=\"fusion-title title fusion-title-3 fusion-title-center fusion-title-text fusion-title-size-one\" style=\"--awb-text-color:#fdc400;\"><div class=\"title-sep-container title-sep-container-left\"><div class=\"title-sep sep- sep-solid\" style=\"border-color:var(--awb-color6);\"><\/div><\/div><span class=\"awb-title-spacer\"><\/span><h1 class=\"fusion-title-heading title-heading-center fusion-responsive-typography-calculated\" style=\"font-family:&quot;Raleway&quot;;font-style:normal;font-weight:400;margin:0;--fontSize:68;line-height:var(--awb-typography1-line-height);\">La batterie de filtration<\/h1><span class=\"awb-title-spacer\"><\/span><div class=\"title-sep-container title-sep-container-right\"><div class=\"title-sep sep- sep-solid\" style=\"border-color:var(--awb-color6);\"><\/div><\/div><\/div><div class=\"fusion-separator\" style=\"align-self: center;margin-left: auto;margin-right: auto;margin-top:16px;margin-bottom:36px;width:100%;max-width:24%;\"><div class=\"fusion-separator-border sep-single\" style=\"--awb-height:20px;--awb-amount:20px;--awb-sep-color:var(--awb-color4);border-color:var(--awb-color4);border-top-width:2px;\"><\/div><\/div><div class=\"fusion-text fusion-text-2 fusion-text-no-margin\" style=\"--awb-text-color:var(--awb-color1);--awb-margin-bottom:30px;--awb-text-font-family:&quot;Raleway&quot;;--awb-text-font-style:normal;--awb-text-font-weight:400;\"><p data-start=\"105\" data-end=\"440\">Selon la destination d\u2019utilisation, les filtres d\u2019un syst\u00e8me de <strong data-start=\"169\" data-end=\"204\">Ventilation M\u00e9canique Contr\u00f4l\u00e9e<\/strong> peuvent \u00eatre install\u00e9s en bancs simples ou en bancs multiples, c\u2019est-\u00e0-dire en s\u00e9rie combin\u00e9e. Dans ce cas, on parle de <strong data-start=\"325\" data-end=\"347\">batterie filtrante<\/strong> pour indiquer que les bancs en s\u00e9rie sont deux ou plus : un v\u00e9ritable syst\u00e8me de filtration.<\/p>\n<p data-start=\"442\" data-end=\"585\"><strong data-start=\"442\" data-end=\"453\">Aircare<\/strong> dispose d\u2019un <strong data-start=\"467\" data-end=\"487\">syst\u00e8me filtrant<\/strong> capable de retenir les allerg\u00e8nes et les particules nocives les plus fines dispers\u00e9es dans l\u2019air.<\/p>\n<p data-start=\"587\" data-end=\"628\">Il est \u00e9quip\u00e9 de 2 filtres diff\u00e9rents :<\/p>\n<ul data-start=\"629\" data-end=\"880\">\n<li data-start=\"629\" data-end=\"797\">\n<p data-start=\"631\" data-end=\"797\">un filtre combin\u00e9 compos\u00e9 d\u20191 pr\u00e9filtre G4 + 1 filtre en nanofibres \u00e0 haute efficacit\u00e9, plac\u00e9 en amont de l\u2019\u00e9changeur sur la branche d\u2019aspiration de l\u2019air ext\u00e9rieur<\/p>\n<\/li>\n<li data-start=\"798\" data-end=\"880\">\n<p data-start=\"800\" data-end=\"880\">un filtre G3 en amont de l\u2019\u00e9changeur sur la branche d\u2019extraction de l\u2019air vici\u00e9.<\/p>\n<\/li>\n<\/ul>\n<\/div><\/div><\/div><div class=\"fusion-layout-column fusion_builder_column fusion-builder-column-5 fusion_builder_column_1_2 1_2 fusion-flex-column fusion-flex-align-self-center\" style=\"--awb-padding-top:20px;--awb-bg-size:cover;--awb-width-large:50%;--awb-margin-top-large:15px;--awb-spacing-right-large:7.36%;--awb-margin-bottom-large:0px;--awb-spacing-left-large:7.36%;--awb-width-medium:100%;--awb-order-medium:0;--awb-spacing-right-medium:3.68%;--awb-spacing-left-medium:3.68%;--awb-width-small:100%;--awb-order-small:0;--awb-spacing-right-small:3.68%;--awb-spacing-left-small:3.68%;\"><div class=\"fusion-column-wrapper fusion-column-has-shadow fusion-flex-justify-content-flex-start fusion-content-layout-column\"><div class=\"fusion-image-element \" style=\"--awb-caption-title-font-family:var(--h2_typography-font-family);--awb-caption-title-font-weight:var(--h2_typography-font-weight);--awb-caption-title-font-style:var(--h2_typography-font-style);--awb-caption-title-size:var(--h2_typography-font-size);--awb-caption-title-transform:var(--h2_typography-text-transform);--awb-caption-title-line-height:var(--h2_typography-line-height);--awb-caption-title-letter-spacing:var(--h2_typography-letter-spacing);\"><span class=\" fusion-imageframe imageframe-none imageframe-2 hover-type-none\"><img decoding=\"async\" width=\"600\" height=\"600\" title=\"Progetto senza titolo (48)\" src=\"https:\/\/thesan.com\/wp-content\/uploads\/2025\/01\/Progetto-senza-titolo-48.png\" data-orig-src=\"https:\/\/thesan.com\/wp-content\/uploads\/2025\/01\/Progetto-senza-titolo-48-600x600.png\" class=\"lazyload img-responsive wp-image-4868\" srcset=\"data:image\/svg+xml,%3Csvg%20xmlns%3D%27http%3A%2F%2Fwww.w3.org%2F2000%2Fsvg%27%20width%3D%272160%27%20height%3D%272160%27%20viewBox%3D%270%200%202160%202160%27%3E%3Crect%20width%3D%272160%27%20height%3D%272160%27%20fill-opacity%3D%220%22%2F%3E%3C%2Fsvg%3E\" data-srcset=\"https:\/\/thesan.com\/wp-content\/uploads\/2025\/01\/Progetto-senza-titolo-48-200x200.png 200w, https:\/\/thesan.com\/wp-content\/uploads\/2025\/01\/Progetto-senza-titolo-48-400x400.png 400w, https:\/\/thesan.com\/wp-content\/uploads\/2025\/01\/Progetto-senza-titolo-48-600x600.png 600w, https:\/\/thesan.com\/wp-content\/uploads\/2025\/01\/Progetto-senza-titolo-48-800x800.png 800w, https:\/\/thesan.com\/wp-content\/uploads\/2025\/01\/Progetto-senza-titolo-48-1200x1200.png 1200w\" data-sizes=\"auto\" data-orig-sizes=\"(max-width: 1000px) 100vw, (max-width: 640px) 100vw, 600px\" alt=\"\"><\/span><\/div><\/div><\/div><\/div><\/div><\/p>\n","protected":false},"excerpt":{"rendered":"","protected":false},"author":1,"featured_media":0,"parent":0,"menu_order":0,"comment_status":"closed","ping_status":"closed","template":"100-width.php","meta":{"footnotes":""},"class_list":["post-5983","page","type-page","status-publish","hentry"],"_links":{"self":[{"href":"https:\/\/thesan.com\/fr\/wp-json\/wp\/v2\/pages\/5983","targetHints":{"allow":["GET"]}}],"collection":[{"href":"https:\/\/thesan.com\/fr\/wp-json\/wp\/v2\/pages"}],"about":[{"href":"https:\/\/thesan.com\/fr\/wp-json\/wp\/v2\/types\/page"}],"author":[{"embeddable":true,"href":"https:\/\/thesan.com\/fr\/wp-json\/wp\/v2\/users\/1"}],"replies":[{"embeddable":true,"href":"https:\/\/thesan.com\/fr\/wp-json\/wp\/v2\/comments?post=5983"}],"version-history":[{"count":5,"href":"https:\/\/thesan.com\/fr\/wp-json\/wp\/v2\/pages\/5983\/revisions"}],"predecessor-version":[{"id":6014,"href":"https:\/\/thesan.com\/fr\/wp-json\/wp\/v2\/pages\/5983\/revisions\/6014"}],"wp:attachment":[{"href":"https:\/\/thesan.com\/fr\/wp-json\/wp\/v2\/media?parent=5983"}],"curies":[{"name":"wp","href":"https:\/\/api.w.org\/{rel}","templated":true}]}}