{"id":5986,"date":"2024-10-09T09:51:46","date_gmt":"2024-10-09T09:51:46","guid":{"rendered":"https:\/\/thesan.com\/systemes-de-filtration\/manutenzione\/"},"modified":"2025-07-16T06:42:52","modified_gmt":"2025-07-16T06:42:52","slug":"entretien","status":"publish","type":"page","link":"https:\/\/thesan.com\/fr\/entretien\/","title":{"rendered":"Entretien"},"content":{"rendered":"<p><div class=\"fusion-fullwidth fullwidth-box fusion-builder-row-1 fusion-flex-container has-pattern-background has-mask-background nonhundred-percent-fullwidth non-hundred-percent-height-scrolling\" style=\"--awb-border-radius-top-left:0px;--awb-border-radius-top-right:0px;--awb-border-radius-bottom-right:0px;--awb-border-radius-bottom-left:0px;--awb-padding-top:45px;--awb-background-color:#f3f4f6;--awb-flex-wrap:wrap;\" ><div class=\"fusion-builder-row fusion-row fusion-flex-align-items-flex-start fusion-flex-justify-content-center fusion-flex-content-wrap\" style=\"max-width:calc( 1180px + 0px );margin-left: calc(-0px \/ 2 );margin-right: calc(-0px \/ 2 );\"><div class=\"fusion-layout-column fusion_builder_column fusion-builder-column-0 fusion_builder_column_2_3 2_3 fusion-flex-column fusion-animated\" style=\"--awb-bg-color:rgba(255,255,255,0);--awb-bg-color-hover:rgba(255,255,255,0);--awb-bg-blend:overlay;--awb-bg-size:cover;--awb-width-large:66.666666666667%;--awb-margin-top-large:85px;--awb-spacing-right-large:0px;--awb-margin-bottom-large:60px;--awb-spacing-left-large:0px;--awb-width-medium:100%;--awb-order-medium:0;--awb-spacing-right-medium:0px;--awb-spacing-left-medium:0px;--awb-width-small:100%;--awb-order-small:0;--awb-spacing-right-small:0px;--awb-spacing-left-small:0px;\" data-animationType=\"zoomIn\" data-animationDuration=\"0.9\" data-animationOffset=\"top-into-view\" data-scroll-devices=\"small-visibility,medium-visibility,large-visibility\"><div class=\"fusion-column-wrapper fusion-column-has-shadow fusion-flex-justify-content-flex-start fusion-content-layout-column\"><div class=\"fusion-title title fusion-title-1 fusion-sep-none fusion-title-center fusion-title-text fusion-title-size-one\" style=\"--awb-text-color:var(--awb-color7);\"><h1 class=\"fusion-title-heading title-heading-center fusion-responsive-typography-calculated\" style=\"font-family:&quot;Raleway&quot;;font-style:normal;font-weight:400;margin:0;--fontSize:68;line-height:var(--awb-typography1-line-height);\"><span style=\"color: var(--awb-color7);\">Entretien<\/span><\/h1><\/div><div class=\"fusion-separator\" style=\"align-self: center;margin-left: auto;margin-right: auto;margin-top:16px;margin-bottom:36px;width:100%;max-width:24%;\"><div class=\"fusion-separator-border sep-single\" style=\"--awb-height:20px;--awb-amount:20px;--awb-sep-color:var(--awb-color7);border-color:var(--awb-color7);border-top-width:2px;\"><\/div><\/div><\/div><\/div><div class=\"fusion-layout-column fusion_builder_column fusion-builder-column-1 fusion_builder_column_1_1 1_1 fusion-flex-column\" style=\"--awb-bg-blend:overlay;--awb-bg-size:cover;--awb-width-large:100%;--awb-margin-top-large:0px;--awb-spacing-right-large:0px;--awb-margin-bottom-large:0px;--awb-spacing-left-large:0px;--awb-width-medium:100%;--awb-spacing-right-medium:0px;--awb-spacing-left-medium:0px;--awb-width-small:100%;--awb-spacing-right-small:0px;--awb-spacing-left-small:0px;\"><div class=\"fusion-column-wrapper fusion-flex-justify-content-center fusion-content-layout-column\"><div class=\"fusion-section-separator section-separator big-half-circle fusion-section-separator-1\" style=\"--awb-spacer-height:99px;--awb-svg-margin-left:0px;--awb-svg-margin-right:0px;--awb-svg-margin-left-medium:0px;--awb-svg-margin-right-medium:0px;--awb-svg-margin-left-small:0px;--awb-svg-margin-right-small:0px;--awb-divider-height:99px;--awb-spacer-padding-top:inherit;--awb-sep-padding:0;--awb-svg-padding:0;\"><div class=\"fusion-section-separator-svg\"><svg class=\"fusion-big-half-circle-candy\" xmlns=\"http:\/\/www.w3.org\/2000\/svg\" version=\"1.1\" width=\"100%\" height=\"100\" viewBox=\"0 0 100 100\" preserveAspectRatio=\"none\" fill=\"rgba(255,255,255,1)\"><path d=\"M0 100 C40 0 60 0 100 100 Z\"><\/path><\/svg><\/div><div class=\"fusion-section-separator-spacer\"><div class=\"fusion-section-separator-spacer-height\"><\/div><\/div><\/div><\/div><\/div><\/div><\/div><div class=\"fusion-fullwidth fullwidth-box fusion-builder-row-2 fusion-flex-container nonhundred-percent-fullwidth non-hundred-percent-height-scrolling\" style=\"--awb-border-radius-top-left:0px;--awb-border-radius-top-right:0px;--awb-border-radius-bottom-right:0px;--awb-border-radius-bottom-left:0px;--awb-padding-top:80px;--awb-padding-bottom:80px;--awb-background-color:#ffffff;--awb-flex-wrap:wrap;\" ><div class=\"fusion-builder-row fusion-row fusion-flex-align-items-flex-start fusion-flex-content-wrap\" style=\"max-width:1274.4px;margin-left: calc(-8% \/ 2 );margin-right: calc(-8% \/ 2 );\"><div class=\"fusion-layout-column fusion_builder_column fusion-builder-column-2 fusion-flex-column fusion-flex-align-self-center\" style=\"--awb-bg-size:cover;--awb-width-large:45%;--awb-margin-top-large:15px;--awb-spacing-right-large:8.1777777777778%;--awb-margin-bottom-large:0px;--awb-spacing-left-large:8.1777777777778%;--awb-width-medium:100%;--awb-order-medium:0;--awb-spacing-right-medium:3.68%;--awb-spacing-left-medium:3.68%;--awb-width-small:100%;--awb-order-small:0;--awb-spacing-right-small:3.68%;--awb-margin-bottom-small:40px;--awb-spacing-left-small:3.68%;\"><div class=\"fusion-column-wrapper fusion-column-has-shadow fusion-flex-justify-content-flex-start fusion-content-layout-column\"><div class=\"fusion-image-element \" style=\"text-align:center;--awb-margin-top:40px;--awb-margin-bottom:40px;--awb-caption-title-font-family:var(--h2_typography-font-family);--awb-caption-title-font-weight:var(--h2_typography-font-weight);--awb-caption-title-font-style:var(--h2_typography-font-style);--awb-caption-title-size:var(--h2_typography-font-size);--awb-caption-title-transform:var(--h2_typography-text-transform);--awb-caption-title-line-height:var(--h2_typography-line-height);--awb-caption-title-letter-spacing:var(--h2_typography-letter-spacing);\"><span class=\" fusion-imageframe imageframe-none imageframe-1 hover-type-none\"><img decoding=\"async\" width=\"600\" height=\"600\" title=\"aircare fiori (2) (1)\" src=\"https:\/\/thesan.com\/wp-content\/uploads\/2025\/01\/aircare-fiori-2-1.png\" data-orig-src=\"https:\/\/thesan.com\/wp-content\/uploads\/2025\/01\/aircare-fiori-2-1-600x600.png\" class=\"lazyload img-responsive wp-image-4873\" srcset=\"data:image\/svg+xml,%3Csvg%20xmlns%3D%27http%3A%2F%2Fwww.w3.org%2F2000%2Fsvg%27%20width%3D%27800%27%20height%3D%27800%27%20viewBox%3D%270%200%20800%20800%27%3E%3Crect%20width%3D%27800%27%20height%3D%27800%27%20fill-opacity%3D%220%22%2F%3E%3C%2Fsvg%3E\" data-srcset=\"https:\/\/thesan.com\/wp-content\/uploads\/2025\/01\/aircare-fiori-2-1-200x200.png 200w, https:\/\/thesan.com\/wp-content\/uploads\/2025\/01\/aircare-fiori-2-1-400x400.png 400w, https:\/\/thesan.com\/wp-content\/uploads\/2025\/01\/aircare-fiori-2-1-600x600.png 600w, https:\/\/thesan.com\/wp-content\/uploads\/2025\/01\/aircare-fiori-2-1.png 800w\" data-sizes=\"auto\" data-orig-sizes=\"(max-width: 1000px) 100vw, (max-width: 640px) 100vw, 600px\" alt=\"\"><\/span><\/div><\/div><\/div><div class=\"fusion-layout-column fusion_builder_column fusion-builder-column-3 fusion-flex-column fusion-flex-align-self-center\" style=\"--awb-padding-top:20px;--awb-bg-size:cover;--awb-width-large:50%;--awb-margin-top-large:15px;--awb-spacing-right-large:7.36%;--awb-margin-bottom-large:0px;--awb-spacing-left-large:7.36%;--awb-width-medium:100%;--awb-order-medium:0;--awb-spacing-right-medium:3.68%;--awb-spacing-left-medium:3.68%;--awb-width-small:100%;--awb-order-small:0;--awb-spacing-right-small:3.68%;--awb-spacing-left-small:3.68%;\"><div class=\"fusion-column-wrapper fusion-column-has-shadow fusion-flex-justify-content-flex-start fusion-content-layout-column\"><div class=\"fusion-text fusion-text-1\" style=\"--awb-text-color:#293133;--awb-text-font-family:&quot;Raleway&quot;;--awb-text-font-style:normal;--awb-text-font-weight:400;\"><p data-start=\"101\" data-end=\"166\"><strong data-start=\"101\" data-end=\"166\">Le seul entretien n\u00e9cessaire est le nettoyage des filtres.<\/strong><\/p>\n<p data-start=\"168\" data-end=\"393\">C\u2019est extr\u00eamement simple :<br data-start=\"194\" data-end=\"197\" \/>filtre pour l\u2019air sortant (rincer \u00e0 l\u2019eau courante et bien s\u00e9cher avant de le remettre en place)<br data-start=\"293\" data-end=\"296\" \/>filtre pour l\u2019air entrant (s\u2019il n\u2019est pas trop encrass\u00e9, il peut \u00eatre nettoy\u00e9 avec un aspirateur)<\/p>\n<p data-start=\"395\" data-end=\"558\">Lorsque les filtres ne peuvent plus \u00eatre nettoy\u00e9s, il est conseill\u00e9 de les remplacer imm\u00e9diatement pour continuer \u00e0 b\u00e9n\u00e9ficier d\u2019un niveau de filtration optimal.<\/p>\n<ol data-start=\"559\" data-end=\"771\">\n<li data-start=\"559\" data-end=\"593\">\n<p data-start=\"562\" data-end=\"593\">Ouvrez la plaque\/frontale<\/p>\n<\/li>\n<li data-start=\"594\" data-end=\"622\">\n<p data-start=\"597\" data-end=\"622\">Retirez les filtres<\/p>\n<\/li>\n<li data-start=\"623\" data-end=\"665\">\n<p data-start=\"626\" data-end=\"665\">Nettoyez ou remplacez les filtres<\/p>\n<\/li>\n<li data-start=\"666\" data-end=\"703\">\n<p data-start=\"669\" data-end=\"703\">Replacez les filtres propres<\/p>\n<\/li>\n<li data-start=\"704\" data-end=\"736\">\n<p data-start=\"707\" data-end=\"736\">Remettez \u00e0 z\u00e9ro (reset)<\/p>\n<\/li>\n<li data-start=\"737\" data-end=\"771\">\n<p data-start=\"740\" data-end=\"771\">Refermez la plaque\/frontale<\/p>\n<\/li>\n<\/ol>\n<\/div><\/div><\/div><\/div><\/div><\/p>\n","protected":false},"excerpt":{"rendered":"","protected":false},"author":1,"featured_media":0,"parent":0,"menu_order":0,"comment_status":"closed","ping_status":"closed","template":"100-width.php","meta":{"footnotes":""},"class_list":["post-5986","page","type-page","status-publish","hentry"],"_links":{"self":[{"href":"https:\/\/thesan.com\/fr\/wp-json\/wp\/v2\/pages\/5986","targetHints":{"allow":["GET"]}}],"collection":[{"href":"https:\/\/thesan.com\/fr\/wp-json\/wp\/v2\/pages"}],"about":[{"href":"https:\/\/thesan.com\/fr\/wp-json\/wp\/v2\/types\/page"}],"author":[{"embeddable":true,"href":"https:\/\/thesan.com\/fr\/wp-json\/wp\/v2\/users\/1"}],"replies":[{"embeddable":true,"href":"https:\/\/thesan.com\/fr\/wp-json\/wp\/v2\/comments?post=5986"}],"version-history":[{"count":5,"href":"https:\/\/thesan.com\/fr\/wp-json\/wp\/v2\/pages\/5986\/revisions"}],"predecessor-version":[{"id":6046,"href":"https:\/\/thesan.com\/fr\/wp-json\/wp\/v2\/pages\/5986\/revisions\/6046"}],"wp:attachment":[{"href":"https:\/\/thesan.com\/fr\/wp-json\/wp\/v2\/media?parent=5986"}],"curies":[{"name":"wp","href":"https:\/\/api.w.org\/{rel}","templated":true}]}}