{"id":5989,"date":"2025-02-17T08:33:27","date_gmt":"2025-02-17T08:33:27","guid":{"rendered":"https:\/\/thesan.com\/estrattore-ae\/"},"modified":"2025-07-16T08:47:20","modified_gmt":"2025-07-16T08:47:20","slug":"estrattore-ae","status":"publish","type":"page","link":"https:\/\/thesan.com\/fr\/estrattore-ae\/","title":{"rendered":"Extracteur AE"},"content":{"rendered":"<p><div class=\"fusion-fullwidth fullwidth-box fusion-builder-row-1 fusion-flex-container has-pattern-background has-mask-background faded-background fusion-parallax-none nonhundred-percent-fullwidth non-hundred-percent-height-scrolling lazyload\" style=\"--awb-border-radius-top-left:0px;--awb-border-radius-top-right:0px;--awb-border-radius-bottom-right:0px;--awb-border-radius-bottom-left:0px;--awb-padding-top:8vw;--awb-padding-bottom:8vw;--awb-min-height:calc( 100vh - 110px );--awb-background-size:cover;--awb-flex-wrap:wrap;\" data-bg=\"https:\/\/thesan.com\/wp-content\/uploads\/2025\/02\/flussi-ambientate-blurred-11.png\" ><div class=\"fullwidth-faded lazyload\" style=\"--awb-background-size:cover;\" data-bg=\"https:\/\/thesan.com\/wp-content\/uploads\/2025\/02\/flussi-ambientate-blurred-11.png\" ><\/div><div class=\"fusion-builder-row fusion-row fusion-flex-align-items-center fusion-flex-justify-content-center fusion-flex-content-wrap\" style=\"max-width:1227.2px;margin-left: calc(-4% \/ 2 );margin-right: calc(-4% \/ 2 );\"><div class=\"fusion-layout-column fusion_builder_column fusion-builder-column-0 fusion_builder_column_2_3 2_3 fusion-flex-column fusion-animated\" style=\"--awb-bg-color:rgba(10,10,10,0.38);--awb-bg-color-hover:rgba(10,10,10,0.38);--awb-bg-size:cover;--awb-width-large:66.666666666667%;--awb-margin-top-large:90px;--awb-spacing-right-large:2.88%;--awb-margin-bottom-large:90px;--awb-spacing-left-large:2.88%;--awb-width-medium:100%;--awb-order-medium:0;--awb-spacing-right-medium:1.92%;--awb-spacing-left-medium:1.92%;--awb-width-small:100%;--awb-order-small:0;--awb-spacing-right-small:1.92%;--awb-spacing-left-small:1.92%;\" data-animationType=\"fadeInUp\" data-animationDuration=\"0.8\" data-animationOffset=\"top-into-view\" data-scroll-devices=\"small-visibility,medium-visibility,large-visibility\"><div class=\"fusion-column-wrapper fusion-column-has-shadow fusion-flex-justify-content-flex-start fusion-content-layout-column\"><div class=\"fusion-title title fusion-title-1 fusion-title-center fusion-title-text fusion-title-size-one\" style=\"--awb-text-color:#ffffff;--awb-margin-top:40px;\"><div class=\"title-sep-container title-sep-container-left\"><div class=\"title-sep sep- sep-solid\" style=\"border-color:var(--awb-color6);\"><\/div><\/div><span class=\"awb-title-spacer\"><\/span><h1 class=\"fusion-title-heading title-heading-center fusion-responsive-typography-calculated\" style=\"font-family:&quot;Raleway&quot;;font-style:normal;font-weight:400;margin:0;--fontSize:68;line-height:var(--awb-typography1-line-height);\">EXTRACTEUR AE<\/h1><span class=\"awb-title-spacer\"><\/span><div class=\"title-sep-container title-sep-container-right\"><div class=\"title-sep sep- sep-solid\" style=\"border-color:var(--awb-color6);\"><\/div><\/div><\/div><div class=\"fusion-separator\" style=\"align-self: center;margin-left: auto;margin-right: auto;margin-bottom:20px;width:100%;max-width:160px;\"><div class=\"fusion-separator-border sep-single\" style=\"--awb-height:20px;--awb-amount:20px;--awb-sep-color:#ffffff;border-color:#ffffff;border-top-width:2px;\"><\/div><\/div><div class=\"fusion-text fusion-text-1 fusion-text-no-margin\" style=\"--awb-content-alignment:center;--awb-font-size:18px;--awb-text-color:#ffffff;--awb-margin-bottom:30px;--awb-text-font-family:&quot;Raleway&quot;;--awb-text-font-style:normal;--awb-text-font-weight:500;\"><p>Contr\u00f4le intelligent de l\u2019extraction d\u2019air version encastr\u00e9e<\/p>\n<\/div><\/div><\/div><\/div><\/div><div class=\"fusion-fullwidth fullwidth-box fusion-builder-row-2 fusion-flex-container has-pattern-background has-mask-background nonhundred-percent-fullwidth non-hundred-percent-height-scrolling\" style=\"--link_hover_color: #fa9769;--link_color: #fa9769;--awb-border-sizes-top:0px;--awb-border-sizes-bottom:0px;--awb-border-sizes-left:0px;--awb-border-sizes-right:0px;--awb-border-color:#d1d1d1;--awb-border-radius-top-left:0px;--awb-border-radius-top-right:0px;--awb-border-radius-bottom-right:0px;--awb-border-radius-bottom-left:0px;--awb-padding-top:80px;--awb-padding-right:30px;--awb-padding-bottom:80px;--awb-padding-left:30px;--awb-padding-top-small:30px;--awb-margin-top:0px;--awb-margin-bottom:0px;--awb-background-color:##454f55;--awb-flex-wrap:wrap;\" ><div class=\"fusion-builder-row fusion-row fusion-flex-align-items-flex-start fusion-flex-justify-content-center fusion-flex-content-wrap\" style=\"max-width:1227.2px;margin-left: calc(-4% \/ 2 );margin-right: calc(-4% \/ 2 );\"><div class=\"fusion-layout-column fusion_builder_column fusion-builder-column-1 fusion_builder_column_1_2 1_2 fusion-flex-column fusion-animated\" style=\"--awb-padding-bottom-medium:0px;--awb-bg-size:cover;--awb-transition:filter 300ms , transform 300ms , background-color 300ms , border-color 300ms ;--awb-width-large:50%;--awb-margin-top-large:0px;--awb-spacing-right-large:3.84%;--awb-margin-bottom-large:0px;--awb-spacing-left-large:3.84%;--awb-width-medium:100%;--awb-order-medium:0;--awb-spacing-right-medium:1.92%;--awb-margin-bottom-medium:60px;--awb-spacing-left-medium:1.92%;--awb-width-small:100%;--awb-order-small:0;--awb-spacing-right-small:1.92%;--awb-spacing-left-small:1.92%;\" data-animationType=\"fadeInUp\" data-animationDuration=\"1.0\" data-animationOffset=\"top-into-view\" data-scroll-devices=\"small-visibility,medium-visibility,large-visibility\"><div class=\"fusion-column-wrapper fusion-column-has-shadow fusion-flex-justify-content-flex-start fusion-content-layout-row\"><div class=\"fusion-title title fusion-title-2 fusion-title-text fusion-title-size-two\" style=\"--awb-text-color:#f3f4f6;--awb-margin-top:0px;--awb-margin-bottom:55px;--awb-margin-top-small:10px;--awb-margin-bottom-small:10px;--awb-sep-color:#d1d1d1;\"><div class=\"title-sep-container title-sep-container-left fusion-no-large-visibility fusion-no-medium-visibility fusion-no-small-visibility\"><div class=\"title-sep sep- sep-solid\" style=\"border-color:#d1d1d1;\"><\/div><\/div><span class=\"awb-title-spacer fusion-no-large-visibility fusion-no-medium-visibility fusion-no-small-visibility\"><\/span><h2 class=\"fusion-title-heading title-heading-left fusion-responsive-typography-calculated\" style=\"font-family:&quot;Raleway&quot;;font-style:normal;font-weight:400;margin:0;text-transform:var(--awb-typography1-text-transform);--fontSize:44;line-height:var(--awb-typography1-line-height);\">COMMENT \u00c7A MARCHE<\/h2><span class=\"awb-title-spacer\"><\/span><div class=\"title-sep-container title-sep-container-right\"><div class=\"title-sep sep- sep-solid\" style=\"border-color:#d1d1d1;\"><\/div><\/div><\/div><div class=\"fusion-text fusion-text-2 fusion-text-no-margin\" style=\"--awb-content-alignment:justify;--awb-text-transform:var(--awb-typography4-text-transform);--awb-text-color:#ffffff;--awb-margin-top:0px;--awb-margin-bottom:50px;--awb-text-font-family:&quot;Raleway&quot;;--awb-text-font-style:normal;--awb-text-font-weight:400;\"><p data-start=\"64\" data-end=\"300\"><strong data-start=\"64\" data-end=\"90\">Aircare AE encastrable<\/strong> assure une \u00e9vacuation rapide et efficace de l\u2019humidit\u00e9 et des odeurs ind\u00e9sirables des salles de bains et cuisines dans les b\u00e2timents r\u00e9sidentiels, bureaux, h\u00f4tels, \u00e9coles, qu\u2019ils soient neufs ou en r\u00e9novation.<\/p>\n<p data-start=\"302\" data-end=\"614\"><strong data-start=\"302\" data-end=\"316\">Aircare AE<\/strong> peut \u00eatre command\u00e9 manuellement ou automatiquement gr\u00e2ce \u00e0 un d\u00e9tecteur de pr\u00e9sence ou un hygrom\u00e8tre, qui peut activer ou arr\u00eater l\u2019extraction d\u2019air \u00e0 la demande. Associ\u00e9 \u00e0 <strong data-start=\"490\" data-end=\"504\">Aircare ES<\/strong>, <strong data-start=\"506\" data-end=\"520\">Aircare AE<\/strong> permet de r\u00e9aliser des b\u00e2timents optimaux en termes de confort, sant\u00e9 et \u00e9conomies d\u2019\u00e9nergie.<\/p>\n<\/div><\/div><\/div><div class=\"fusion-layout-column fusion_builder_column fusion-builder-column-2 fusion_builder_column_1_2 1_2 fusion-flex-column fusion-animated\" style=\"--awb-bg-size:cover;--awb-width-large:50%;--awb-margin-top-large:0px;--awb-spacing-right-large:3.84%;--awb-margin-bottom-large:0px;--awb-spacing-left-large:9.6%;--awb-width-medium:100%;--awb-order-medium:1;--awb-spacing-right-medium:1.92%;--awb-spacing-left-medium:4.8%;--awb-width-small:100%;--awb-order-small:1;--awb-spacing-right-small:1.92%;--awb-spacing-left-small:1.92%;\" data-animationType=\"fadeInUp\" data-animationDuration=\"1.0\" data-animationOffset=\"top-into-view\" data-scroll-devices=\"small-visibility,medium-visibility,large-visibility\"><div class=\"fusion-column-wrapper fusion-column-has-shadow fusion-flex-justify-content-flex-start fusion-content-layout-column\"><div class=\"fusion-title title fusion-title-3 fusion-sep-none fusion-title-center fusion-title-text fusion-title-size-two fusion-animated\" style=\"--awb-text-color:var(--awb-color2);--awb-margin-top:0px;\" data-animationType=\"fadeInUp\" data-animationDuration=\"1.0\" data-animationOffset=\"top-into-view\"><h2 class=\"fusion-title-heading title-heading-center fusion-responsive-typography-calculated\" style=\"font-family:&quot;Raleway&quot;;font-style:normal;font-weight:400;margin:0;--fontSize:44;line-height:var(--awb-typography1-line-height);\"><p style=\"text-align: center;\">\u00c0 LA RECHERCHE D\u2019UN AUTRE MOD\u00c8LE ?<\/p><\/h2><\/div><div class=\"fusion-separator\" style=\"align-self: center;margin-left: auto;margin-right: auto;margin-top:16px;margin-bottom:36px;width:100%;max-width:24%;\"><div class=\"fusion-separator-border sep-single\" style=\"--awb-height:20px;--awb-amount:20px;--awb-sep-color:var(--awb-color2);border-color:var(--awb-color2);border-top-width:2px;\"><\/div><\/div><div class=\"fusion-separator\" style=\"align-self: center;margin-left: auto;margin-right: auto;margin-top:16px;margin-bottom:36px;width:100%;max-width:24%;\"><div class=\"fusion-separator-border sep-single\" style=\"--awb-height:20px;--awb-amount:20px;--awb-sep-color:var(--awb-color7);border-color:var(--awb-color7);border-top-width:2px;\"><\/div><\/div><div style=\"text-align:center;\"><a class=\"fusion-button button-flat button-small button-default fusion-button-default button-1 fusion-button-default-span fusion-button-default-type\" style=\"--button_typography-font-family:&quot;Raleway&quot;;--button_typography-font-style:normal;--button_typography-font-weight:400;width:calc(100%);\" target=\"_self\" data-hover=\"underline\" href=\"https:\/\/thesan.com\/fr\/estrattore-aew\/\"><span class=\"fusion-button-text awb-button__text awb-button__text--default\">Extracteur d\u2019air Aircare AEW<\/span><\/a><\/div><div class=\"fusion-separator\" style=\"align-self: center;margin-left: auto;margin-right: auto;margin-top:16px;margin-bottom:36px;width:100%;max-width:24%;\"><div class=\"fusion-separator-border sep-single\" style=\"--awb-height:20px;--awb-amount:20px;--awb-sep-color:var(--awb-color7);border-color:var(--awb-color7);border-top-width:2px;\"><\/div><\/div><div style=\"text-align:center;\"><a class=\"fusion-button button-flat button-small button-default fusion-button-default button-2 fusion-button-default-span fusion-button-default-type\" style=\"--button_typography-font-family:&quot;Raleway&quot;;--button_typography-font-style:normal;--button_typography-font-weight:400;width:calc(100%);\" target=\"_self\" data-hover=\"underline\" href=\"https:\/\/thesan.com\/fr\/produits-de-vmc\/echangeurs-aircare-es\/\"><span class=\"fusion-button-text awb-button__text awb-button__text--default\">\u00c9changeurs d\u2019air Aircare ES<\/span><\/a><\/div><\/div><\/div><\/div><\/div><\/p>\n","protected":false},"excerpt":{"rendered":"","protected":false},"author":3,"featured_media":0,"parent":0,"menu_order":1,"comment_status":"closed","ping_status":"closed","template":"100-width.php","meta":{"footnotes":""},"class_list":["post-5989","page","type-page","status-publish","hentry"],"_links":{"self":[{"href":"https:\/\/thesan.com\/fr\/wp-json\/wp\/v2\/pages\/5989","targetHints":{"allow":["GET"]}}],"collection":[{"href":"https:\/\/thesan.com\/fr\/wp-json\/wp\/v2\/pages"}],"about":[{"href":"https:\/\/thesan.com\/fr\/wp-json\/wp\/v2\/types\/page"}],"author":[{"embeddable":true,"href":"https:\/\/thesan.com\/fr\/wp-json\/wp\/v2\/users\/3"}],"replies":[{"embeddable":true,"href":"https:\/\/thesan.com\/fr\/wp-json\/wp\/v2\/comments?post=5989"}],"version-history":[{"count":5,"href":"https:\/\/thesan.com\/fr\/wp-json\/wp\/v2\/pages\/5989\/revisions"}],"predecessor-version":[{"id":6094,"href":"https:\/\/thesan.com\/fr\/wp-json\/wp\/v2\/pages\/5989\/revisions\/6094"}],"wp:attachment":[{"href":"https:\/\/thesan.com\/fr\/wp-json\/wp\/v2\/media?parent=5989"}],"curies":[{"name":"wp","href":"https:\/\/api.w.org\/{rel}","templated":true}]}}