{"id":5992,"date":"2025-02-17T09:06:07","date_gmt":"2025-02-17T09:06:07","guid":{"rendered":"https:\/\/thesan.com\/estrattore-aew\/"},"modified":"2025-11-25T11:14:54","modified_gmt":"2025-11-25T11:14:54","slug":"estrattore-aew","status":"publish","type":"page","link":"https:\/\/thesan.com\/fr\/estrattore-aew\/","title":{"rendered":"Extracteur AEW"},"content":{"rendered":"<p><div class=\"fusion-fullwidth fullwidth-box fusion-builder-row-1 fusion-flex-container has-pattern-background has-mask-background faded-background fusion-parallax-none nonhundred-percent-fullwidth non-hundred-percent-height-scrolling lazyload\" style=\"--awb-background-position:center top;--awb-border-radius-top-left:0px;--awb-border-radius-top-right:0px;--awb-border-radius-bottom-right:0px;--awb-border-radius-bottom-left:0px;--awb-padding-top:8vw;--awb-padding-bottom:8vw;--awb-min-height:calc( 100vh - 110px );--awb-background-size:cover;--awb-flex-wrap:wrap;\" data-bg=\"https:\/\/thesan.com\/wp-content\/uploads\/2025\/02\/flussi-ambientate-blurred-12.png\" ><div class=\"fullwidth-faded lazyload\" style=\"--awb-background-position:center top;--awb-background-size:cover;\" data-bg=\"https:\/\/thesan.com\/wp-content\/uploads\/2025\/02\/flussi-ambientate-blurred-12.png\" ><\/div><div class=\"fusion-builder-row fusion-row fusion-flex-align-items-center fusion-flex-justify-content-center fusion-flex-content-wrap\" style=\"max-width:1227.2px;margin-left: calc(-4% \/ 2 );margin-right: calc(-4% \/ 2 );\"><div class=\"fusion-layout-column fusion_builder_column fusion-builder-column-0 fusion_builder_column_2_3 2_3 fusion-flex-column fusion-animated\" style=\"--awb-bg-color:rgba(10,10,10,0.38);--awb-bg-color-hover:rgba(10,10,10,0.38);--awb-bg-size:cover;--awb-width-large:66.666666666667%;--awb-margin-top-large:90px;--awb-spacing-right-large:2.88%;--awb-margin-bottom-large:90px;--awb-spacing-left-large:2.88%;--awb-width-medium:100%;--awb-order-medium:0;--awb-spacing-right-medium:1.92%;--awb-spacing-left-medium:1.92%;--awb-width-small:100%;--awb-order-small:0;--awb-spacing-right-small:1.92%;--awb-spacing-left-small:1.92%;\" data-animationType=\"fadeInUp\" data-animationDuration=\"0.8\" data-animationOffset=\"top-into-view\" data-scroll-devices=\"small-visibility,medium-visibility,large-visibility\"><div class=\"fusion-column-wrapper fusion-column-has-shadow fusion-flex-justify-content-flex-start fusion-content-layout-column\"><div class=\"fusion-title title fusion-title-1 fusion-title-center fusion-title-text fusion-title-size-one\" style=\"--awb-text-color:#ffffff;--awb-margin-top:40px;\"><div class=\"title-sep-container title-sep-container-left\"><div class=\"title-sep sep- sep-solid\" style=\"border-color:var(--awb-color6);\"><\/div><\/div><span class=\"awb-title-spacer\"><\/span><h1 class=\"fusion-title-heading title-heading-center fusion-responsive-typography-calculated\" style=\"font-family:&quot;Raleway&quot;;font-style:normal;font-weight:400;margin:0;--fontSize:68;line-height:var(--awb-typography1-line-height);\">EXTRACTEUR AEW<\/h1><span class=\"awb-title-spacer\"><\/span><div class=\"title-sep-container title-sep-container-right\"><div class=\"title-sep sep- sep-solid\" style=\"border-color:var(--awb-color6);\"><\/div><\/div><\/div><div class=\"fusion-separator\" style=\"align-self: center;margin-left: auto;margin-right: auto;margin-bottom:20px;width:100%;max-width:160px;\"><div class=\"fusion-separator-border sep-single\" style=\"--awb-height:20px;--awb-amount:20px;--awb-sep-color:#ffffff;border-color:#ffffff;border-top-width:2px;\"><\/div><\/div><div class=\"fusion-text fusion-text-1 fusion-text-no-margin\" style=\"--awb-content-alignment:center;--awb-font-size:18px;--awb-text-color:#ffffff;--awb-margin-bottom:30px;--awb-text-font-family:&quot;Raleway&quot;;--awb-text-font-style:normal;--awb-text-font-weight:500;\"><p>Contr\u00f4le intelligent de l\u2019extraction d\u2019air version murale<\/p>\n<\/div><\/div><\/div><\/div><\/div><div class=\"fusion-fullwidth fullwidth-box fusion-builder-row-2 fusion-flex-container has-pattern-background has-mask-background nonhundred-percent-fullwidth non-hundred-percent-height-scrolling\" style=\"--link_hover_color: #fa9769;--link_color: #fa9769;--awb-border-sizes-top:0px;--awb-border-sizes-bottom:0px;--awb-border-sizes-left:0px;--awb-border-sizes-right:0px;--awb-border-color:#d1d1d1;--awb-border-radius-top-left:0px;--awb-border-radius-top-right:0px;--awb-border-radius-bottom-right:0px;--awb-border-radius-bottom-left:0px;--awb-padding-top:80px;--awb-padding-right:30px;--awb-padding-bottom:80px;--awb-padding-left:30px;--awb-padding-top-small:30px;--awb-margin-top:0px;--awb-margin-bottom:0px;--awb-background-color:##454f55;--awb-flex-wrap:wrap;\" ><div class=\"fusion-builder-row fusion-row fusion-flex-align-items-flex-start fusion-flex-justify-content-center fusion-flex-content-wrap\" style=\"max-width:1227.2px;margin-left: calc(-4% \/ 2 );margin-right: calc(-4% \/ 2 );\"><div class=\"fusion-layout-column fusion_builder_column fusion-builder-column-1 fusion_builder_column_1_2 1_2 fusion-flex-column fusion-animated\" style=\"--awb-padding-bottom-medium:0px;--awb-bg-size:cover;--awb-transition:filter 300ms , transform 300ms , background-color 300ms , border-color 300ms ;--awb-width-large:50%;--awb-margin-top-large:0px;--awb-spacing-right-large:3.84%;--awb-margin-bottom-large:0px;--awb-spacing-left-large:3.84%;--awb-width-medium:100%;--awb-order-medium:0;--awb-spacing-right-medium:1.92%;--awb-margin-bottom-medium:60px;--awb-spacing-left-medium:1.92%;--awb-width-small:100%;--awb-order-small:0;--awb-spacing-right-small:1.92%;--awb-spacing-left-small:1.92%;\" data-animationType=\"fadeInUp\" data-animationDuration=\"1.0\" data-animationOffset=\"top-into-view\" data-scroll-devices=\"small-visibility,medium-visibility,large-visibility\"><div class=\"fusion-column-wrapper fusion-column-has-shadow fusion-flex-justify-content-flex-start fusion-content-layout-row\"><div class=\"fusion-title title fusion-title-2 fusion-title-text fusion-title-size-two\" style=\"--awb-text-color:#f3f4f6;--awb-margin-top:0px;--awb-margin-bottom:55px;--awb-margin-top-small:10px;--awb-margin-bottom-small:10px;--awb-sep-color:#d1d1d1;\"><div class=\"title-sep-container title-sep-container-left fusion-no-large-visibility fusion-no-medium-visibility fusion-no-small-visibility\"><div class=\"title-sep sep- sep-solid\" style=\"border-color:#d1d1d1;\"><\/div><\/div><span class=\"awb-title-spacer fusion-no-large-visibility fusion-no-medium-visibility fusion-no-small-visibility\"><\/span><h2 class=\"fusion-title-heading title-heading-left fusion-responsive-typography-calculated\" style=\"font-family:&quot;Raleway&quot;;font-style:normal;font-weight:400;margin:0;text-transform:var(--awb-typography1-text-transform);--fontSize:44;line-height:var(--awb-typography1-line-height);\">COMMENT \u00c7A MARCHE<\/h2><span class=\"awb-title-spacer\"><\/span><div class=\"title-sep-container title-sep-container-right\"><div class=\"title-sep sep- sep-solid\" style=\"border-color:#d1d1d1;\"><\/div><\/div><\/div><div class=\"fusion-text fusion-text-2 fusion-text-no-margin\" style=\"--awb-content-alignment:justify;--awb-text-transform:var(--awb-typography4-text-transform);--awb-text-color:#ffffff;--awb-margin-top:0px;--awb-margin-bottom:50px;--awb-text-font-family:&quot;Raleway&quot;;--awb-text-font-style:normal;--awb-text-font-weight:400;\"><p data-start=\"64\" data-end=\"293\"><strong data-start=\"64\" data-end=\"85\">Aircare AEW mural<\/strong> assure une \u00e9vacuation rapide et efficace de l\u2019humidit\u00e9 et des odeurs ind\u00e9sirables dans les petites pi\u00e8ces telles que salles de bains et cuisines, dans tout type de b\u00e2timent, qu\u2019il soit neuf ou en r\u00e9novation.<\/p>\n<p data-start=\"295\" data-end=\"523\">Associ\u00e9 \u00e0 <strong data-start=\"305\" data-end=\"319\">Aircare ES<\/strong>, <strong data-start=\"321\" data-end=\"335\">Aircare AE<\/strong> est le syst\u00e8me d\u00e9centralis\u00e9 de Ventilation M\u00e9canique Contr\u00f4l\u00e9e et d\u2019extraction d\u2019air qui permet de r\u00e9aliser des b\u00e2timents optimaux en termes de confort, de sant\u00e9 et d\u2019\u00e9conomies d\u2019\u00e9nergie.<\/p>\n<\/div><\/div><\/div><div class=\"fusion-layout-column fusion_builder_column fusion-builder-column-2 fusion_builder_column_1_2 1_2 fusion-flex-column fusion-animated\" style=\"--awb-bg-size:cover;--awb-width-large:50%;--awb-margin-top-large:0px;--awb-spacing-right-large:3.84%;--awb-margin-bottom-large:0px;--awb-spacing-left-large:9.6%;--awb-width-medium:100%;--awb-order-medium:1;--awb-spacing-right-medium:1.92%;--awb-spacing-left-medium:4.8%;--awb-width-small:100%;--awb-order-small:1;--awb-spacing-right-small:1.92%;--awb-spacing-left-small:1.92%;\" data-animationType=\"fadeInUp\" data-animationDuration=\"1.0\" data-animationOffset=\"top-into-view\" data-scroll-devices=\"small-visibility,medium-visibility,large-visibility\"><div class=\"fusion-column-wrapper fusion-column-has-shadow fusion-flex-justify-content-flex-start fusion-content-layout-column\"><div class=\"fusion-title title fusion-title-3 fusion-sep-none fusion-title-center fusion-title-text fusion-title-size-two fusion-animated\" style=\"--awb-text-color:var(--awb-color2);--awb-margin-top:0px;\" data-animationType=\"fadeInUp\" data-animationDuration=\"1.0\" data-animationOffset=\"top-into-view\"><h2 class=\"fusion-title-heading title-heading-center fusion-responsive-typography-calculated\" style=\"font-family:&quot;Raleway&quot;;font-style:normal;font-weight:400;margin:0;--fontSize:44;line-height:var(--awb-typography1-line-height);\"><p style=\"text-align: center;\">\u00c0 LA RECHERCHE D\u2019UN AUTRE MOD\u00c8LE ?<\/p><\/h2><\/div><div class=\"fusion-separator\" style=\"align-self: center;margin-left: auto;margin-right: auto;margin-top:16px;margin-bottom:36px;width:100%;max-width:24%;\"><div class=\"fusion-separator-border sep-single\" style=\"--awb-height:20px;--awb-amount:20px;--awb-sep-color:var(--awb-color2);border-color:var(--awb-color2);border-top-width:2px;\"><\/div><\/div><div class=\"fusion-separator\" style=\"align-self: center;margin-left: auto;margin-right: auto;margin-top:16px;margin-bottom:36px;width:100%;max-width:24%;\"><div class=\"fusion-separator-border sep-single\" style=\"--awb-height:20px;--awb-amount:20px;--awb-sep-color:var(--awb-color7);border-color:var(--awb-color7);border-top-width:2px;\"><\/div><\/div><div style=\"text-align:center;\"><a class=\"fusion-button button-flat button-small button-default fusion-button-default button-1 fusion-button-default-span fusion-button-default-type\" style=\"--button_typography-font-family:&quot;Raleway&quot;;--button_typography-font-style:normal;--button_typography-font-weight:400;width:calc(100%);\" target=\"_self\" data-hover=\"underline\" href=\"https:\/\/thesan.com\/fr\/estrattore-ae\/\"><span class=\"fusion-button-text awb-button__text awb-button__text--default\">Extracteur d\u2019air Aircare AE<\/span><\/a><\/div><div class=\"fusion-separator\" style=\"align-self: center;margin-left: auto;margin-right: auto;margin-top:16px;margin-bottom:36px;width:100%;max-width:24%;\"><div class=\"fusion-separator-border sep-single\" style=\"--awb-height:20px;--awb-amount:20px;--awb-sep-color:var(--awb-color7);border-color:var(--awb-color7);border-top-width:2px;\"><\/div><\/div><div style=\"text-align:center;\"><a class=\"fusion-button button-flat button-small button-default fusion-button-default button-2 fusion-button-default-span fusion-button-default-type\" style=\"--button_typography-font-family:&quot;Raleway&quot;;--button_typography-font-style:normal;--button_typography-font-weight:400;width:calc(100%);\" target=\"_self\" data-hover=\"underline\" href=\"https:\/\/thesan.com\/fr\/produits-de-vmc\/echangeurs-aircare-es\/\"><span class=\"fusion-button-text awb-button__text awb-button__text--default\">\u00c9changeurs d\u2019air Aircare ES<\/span><\/a><\/div><\/div><\/div><\/div><\/div><div class=\"fusion-fullwidth fullwidth-box fusion-builder-row-3 fusion-flex-container has-pattern-background has-mask-background nonhundred-percent-fullwidth non-hundred-percent-height-scrolling\" style=\"--awb-border-radius-top-left:0px;--awb-border-radius-top-right:0px;--awb-border-radius-bottom-right:0px;--awb-border-radius-bottom-left:0px;--awb-flex-wrap:wrap;\" ><div class=\"fusion-builder-row fusion-row fusion-flex-align-items-flex-start fusion-flex-content-wrap\" style=\"max-width:1227.2px;margin-left: calc(-4% \/ 2 );margin-right: calc(-4% \/ 2 );\"><div class=\"fusion-layout-column fusion_builder_column fusion-builder-column-3 fusion_builder_column_1_1 1_1 fusion-flex-column\" style=\"--awb-bg-size:cover;--awb-width-large:100%;--awb-margin-top-large:15px;--awb-spacing-right-large:1.92%;--awb-margin-bottom-large:15px;--awb-spacing-left-large:1.92%;--awb-width-medium:100%;--awb-order-medium:0;--awb-spacing-right-medium:1.92%;--awb-spacing-left-medium:1.92%;--awb-width-small:100%;--awb-order-small:0;--awb-spacing-right-small:1.92%;--awb-spacing-left-small:1.92%;\"><div class=\"fusion-column-wrapper fusion-column-has-shadow fusion-flex-justify-content-flex-start fusion-content-layout-column\"><div class=\"fusion-image-carousel fusion-image-carousel-auto fusion-image-carousel-1\"><div class=\"awb-carousel awb-swiper awb-swiper-carousel awb-swiper-dots-position-bottom awb-carousel--carousel\" data-layout=\"carousel\" data-autoplay=\"no\" data-autoplayspeed=\"2500\" data-autoplaypause=\"no\" data-columns=\"5\" data-itemmargin=\"13\" data-itemwidth=\"180\" data-touchscroll=\"no\" data-freemode=\"no\" data-imagesize=\"auto\" data-scrollitems=\"0\" data-centeredslides=\"no\" data-rotationangle=\"50\" data-depth=\"100\" data-speed=\"500\" data-shadow=\"no\" style=\"--awb-dots-align:center;\"><div class=\"swiper-wrapper awb-image-carousel-wrapper fusion-flex-align-items-center\"><div class=\"swiper-slide\"><div class=\"fusion-carousel-item-wrapper\"><div class=\"fusion-image-wrapper hover-type-none\"><img decoding=\"async\" width=\"1080\" height=\"1080\" src=\"https:\/\/thesan.com\/wp-content\/uploads\/2025\/11\/1.png\" class=\"attachment-full size-full lazyload\" alt=\"estrattore aria Aew AirCare alternativa a Vortice\" srcset=\"data:image\/svg+xml,%3Csvg%20xmlns%3D%27http%3A%2F%2Fwww.w3.org%2F2000%2Fsvg%27%20width%3D%271080%27%20height%3D%271080%27%20viewBox%3D%270%200%201080%201080%27%3E%3Crect%20width%3D%271080%27%20height%3D%271080%27%20fill-opacity%3D%220%22%2F%3E%3C%2Fsvg%3E\" data-orig-src=\"https:\/\/thesan.com\/wp-content\/uploads\/2025\/11\/1.png\" data-srcset=\"https:\/\/thesan.com\/wp-content\/uploads\/2025\/11\/1-200x200.png 200w, https:\/\/thesan.com\/wp-content\/uploads\/2025\/11\/1-400x400.png 400w, https:\/\/thesan.com\/wp-content\/uploads\/2025\/11\/1-600x600.png 600w, https:\/\/thesan.com\/wp-content\/uploads\/2025\/11\/1-800x800.png 800w, https:\/\/thesan.com\/wp-content\/uploads\/2025\/11\/1.png 1080w\" data-sizes=\"auto\" data-orig- title=\"\"><\/div><\/div><\/div><div class=\"swiper-slide\"><div class=\"fusion-carousel-item-wrapper\"><div class=\"fusion-image-wrapper hover-type-none\"><img decoding=\"async\" width=\"1080\" height=\"1080\" src=\"https:\/\/thesan.com\/wp-content\/uploads\/2025\/11\/4.jpg\" class=\"attachment-full size-full lazyload\" alt=\"\" srcset=\"data:image\/svg+xml,%3Csvg%20xmlns%3D%27http%3A%2F%2Fwww.w3.org%2F2000%2Fsvg%27%20width%3D%271080%27%20height%3D%271080%27%20viewBox%3D%270%200%201080%201080%27%3E%3Crect%20width%3D%271080%27%20height%3D%271080%27%20fill-opacity%3D%220%22%2F%3E%3C%2Fsvg%3E\" data-orig-src=\"https:\/\/thesan.com\/wp-content\/uploads\/2025\/11\/4.jpg\" data-srcset=\"https:\/\/thesan.com\/wp-content\/uploads\/2025\/11\/4-200x200.jpg 200w, https:\/\/thesan.com\/wp-content\/uploads\/2025\/11\/4-400x400.jpg 400w, https:\/\/thesan.com\/wp-content\/uploads\/2025\/11\/4-600x600.jpg 600w, https:\/\/thesan.com\/wp-content\/uploads\/2025\/11\/4-800x800.jpg 800w, https:\/\/thesan.com\/wp-content\/uploads\/2025\/11\/4.jpg 1080w\" data-sizes=\"auto\" data-orig- title=\"\"><\/div><\/div><\/div><div class=\"swiper-slide\"><div class=\"fusion-carousel-item-wrapper\"><div class=\"fusion-image-wrapper hover-type-none\"><img decoding=\"async\" width=\"1080\" height=\"1080\" src=\"https:\/\/thesan.com\/wp-content\/uploads\/2025\/11\/7.jpg\" class=\"attachment-full size-full lazyload\" alt=\"\" srcset=\"data:image\/svg+xml,%3Csvg%20xmlns%3D%27http%3A%2F%2Fwww.w3.org%2F2000%2Fsvg%27%20width%3D%271080%27%20height%3D%271080%27%20viewBox%3D%270%200%201080%201080%27%3E%3Crect%20width%3D%271080%27%20height%3D%271080%27%20fill-opacity%3D%220%22%2F%3E%3C%2Fsvg%3E\" data-orig-src=\"https:\/\/thesan.com\/wp-content\/uploads\/2025\/11\/7.jpg\" data-srcset=\"https:\/\/thesan.com\/wp-content\/uploads\/2025\/11\/7-200x200.jpg 200w, https:\/\/thesan.com\/wp-content\/uploads\/2025\/11\/7-400x400.jpg 400w, https:\/\/thesan.com\/wp-content\/uploads\/2025\/11\/7-600x600.jpg 600w, https:\/\/thesan.com\/wp-content\/uploads\/2025\/11\/7-800x800.jpg 800w, https:\/\/thesan.com\/wp-content\/uploads\/2025\/11\/7.jpg 1080w\" data-sizes=\"auto\" data-orig- title=\"\"><\/div><\/div><\/div><div class=\"swiper-slide\"><div class=\"fusion-carousel-item-wrapper\"><div class=\"fusion-image-wrapper hover-type-none\"><img decoding=\"async\" width=\"1080\" height=\"1080\" src=\"https:\/\/thesan.com\/wp-content\/uploads\/2025\/11\/10.jpg\" class=\"attachment-full size-full lazyload\" alt=\"\" srcset=\"data:image\/svg+xml,%3Csvg%20xmlns%3D%27http%3A%2F%2Fwww.w3.org%2F2000%2Fsvg%27%20width%3D%271080%27%20height%3D%271080%27%20viewBox%3D%270%200%201080%201080%27%3E%3Crect%20width%3D%271080%27%20height%3D%271080%27%20fill-opacity%3D%220%22%2F%3E%3C%2Fsvg%3E\" data-orig-src=\"https:\/\/thesan.com\/wp-content\/uploads\/2025\/11\/10.jpg\" data-srcset=\"https:\/\/thesan.com\/wp-content\/uploads\/2025\/11\/10-200x200.jpg 200w, https:\/\/thesan.com\/wp-content\/uploads\/2025\/11\/10-400x400.jpg 400w, https:\/\/thesan.com\/wp-content\/uploads\/2025\/11\/10-600x600.jpg 600w, https:\/\/thesan.com\/wp-content\/uploads\/2025\/11\/10-800x800.jpg 800w, https:\/\/thesan.com\/wp-content\/uploads\/2025\/11\/10.jpg 1080w\" data-sizes=\"auto\" data-orig- title=\"\"><\/div><\/div><\/div><div class=\"swiper-slide\"><div class=\"fusion-carousel-item-wrapper\"><div class=\"fusion-image-wrapper hover-type-none\"><img decoding=\"async\" width=\"1080\" height=\"1080\" src=\"https:\/\/thesan.com\/wp-content\/uploads\/2025\/11\/13.jpg\" class=\"attachment-full size-full lazyload\" alt=\"\" srcset=\"data:image\/svg+xml,%3Csvg%20xmlns%3D%27http%3A%2F%2Fwww.w3.org%2F2000%2Fsvg%27%20width%3D%271080%27%20height%3D%271080%27%20viewBox%3D%270%200%201080%201080%27%3E%3Crect%20width%3D%271080%27%20height%3D%271080%27%20fill-opacity%3D%220%22%2F%3E%3C%2Fsvg%3E\" data-orig-src=\"https:\/\/thesan.com\/wp-content\/uploads\/2025\/11\/13.jpg\" data-srcset=\"https:\/\/thesan.com\/wp-content\/uploads\/2025\/11\/13-200x200.jpg 200w, https:\/\/thesan.com\/wp-content\/uploads\/2025\/11\/13-400x400.jpg 400w, https:\/\/thesan.com\/wp-content\/uploads\/2025\/11\/13-600x600.jpg 600w, https:\/\/thesan.com\/wp-content\/uploads\/2025\/11\/13-800x800.jpg 800w, https:\/\/thesan.com\/wp-content\/uploads\/2025\/11\/13.jpg 1080w\" data-sizes=\"auto\" data-orig- title=\"\"><\/div><\/div><\/div><div class=\"swiper-slide\"><div class=\"fusion-carousel-item-wrapper\"><div class=\"fusion-image-wrapper hover-type-none\"><img decoding=\"async\" width=\"1080\" height=\"1080\" src=\"https:\/\/thesan.com\/wp-content\/uploads\/2025\/11\/16.jpg\" class=\"attachment-full size-full lazyload\" alt=\"\" srcset=\"data:image\/svg+xml,%3Csvg%20xmlns%3D%27http%3A%2F%2Fwww.w3.org%2F2000%2Fsvg%27%20width%3D%271080%27%20height%3D%271080%27%20viewBox%3D%270%200%201080%201080%27%3E%3Crect%20width%3D%271080%27%20height%3D%271080%27%20fill-opacity%3D%220%22%2F%3E%3C%2Fsvg%3E\" data-orig-src=\"https:\/\/thesan.com\/wp-content\/uploads\/2025\/11\/16.jpg\" data-srcset=\"https:\/\/thesan.com\/wp-content\/uploads\/2025\/11\/16-200x200.jpg 200w, https:\/\/thesan.com\/wp-content\/uploads\/2025\/11\/16-400x400.jpg 400w, https:\/\/thesan.com\/wp-content\/uploads\/2025\/11\/16-600x600.jpg 600w, https:\/\/thesan.com\/wp-content\/uploads\/2025\/11\/16-800x800.jpg 800w, https:\/\/thesan.com\/wp-content\/uploads\/2025\/11\/16.jpg 1080w\" data-sizes=\"auto\" data-orig- title=\"\"><\/div><\/div><\/div><div class=\"swiper-slide\"><div class=\"fusion-carousel-item-wrapper\"><div class=\"fusion-image-wrapper hover-type-none\"><img decoding=\"async\" width=\"2560\" height=\"2560\" src=\"https:\/\/thesan.com\/wp-content\/uploads\/2025\/11\/retro-scaled.png\" class=\"attachment-full size-full lazyload\" alt=\"ricambio aria bagno senza muffa con aspiratore Aew AirCare\" srcset=\"data:image\/svg+xml,%3Csvg%20xmlns%3D%27http%3A%2F%2Fwww.w3.org%2F2000%2Fsvg%27%20width%3D%272560%27%20height%3D%272560%27%20viewBox%3D%270%200%202560%202560%27%3E%3Crect%20width%3D%272560%27%20height%3D%272560%27%20fill-opacity%3D%220%22%2F%3E%3C%2Fsvg%3E\" data-orig-src=\"https:\/\/thesan.com\/wp-content\/uploads\/2025\/11\/retro-scaled.png\" data-srcset=\"https:\/\/thesan.com\/wp-content\/uploads\/2025\/11\/retro-200x200.png 200w, https:\/\/thesan.com\/wp-content\/uploads\/2025\/11\/retro-400x400.png 400w, https:\/\/thesan.com\/wp-content\/uploads\/2025\/11\/retro-600x600.png 600w, https:\/\/thesan.com\/wp-content\/uploads\/2025\/11\/retro-800x800.png 800w, https:\/\/thesan.com\/wp-content\/uploads\/2025\/11\/retro-1200x1200.png 1200w, https:\/\/thesan.com\/wp-content\/uploads\/2025\/11\/retro-scaled.png 2560w\" data-sizes=\"auto\" data-orig- title=\"\"><\/div><\/div><\/div><\/div><div class=\"awb-swiper-button awb-swiper-button-prev\"><i class=\"awb-icon-angle-left\" aria-hidden=\"true\"><\/i><\/div><div class=\"awb-swiper-button awb-swiper-button-next\"><i class=\"awb-icon-angle-right\" aria-hidden=\"true\"><\/i><\/div><\/div><\/div><\/div><\/div><\/div><\/div><\/p>\n","protected":false},"excerpt":{"rendered":"","protected":false},"author":3,"featured_media":0,"parent":0,"menu_order":1,"comment_status":"closed","ping_status":"closed","template":"100-width.php","meta":{"footnotes":""},"class_list":["post-5992","page","type-page","status-publish","hentry"],"_links":{"self":[{"href":"https:\/\/thesan.com\/fr\/wp-json\/wp\/v2\/pages\/5992","targetHints":{"allow":["GET"]}}],"collection":[{"href":"https:\/\/thesan.com\/fr\/wp-json\/wp\/v2\/pages"}],"about":[{"href":"https:\/\/thesan.com\/fr\/wp-json\/wp\/v2\/types\/page"}],"author":[{"embeddable":true,"href":"https:\/\/thesan.com\/fr\/wp-json\/wp\/v2\/users\/3"}],"replies":[{"embeddable":true,"href":"https:\/\/thesan.com\/fr\/wp-json\/wp\/v2\/comments?post=5992"}],"version-history":[{"count":7,"href":"https:\/\/thesan.com\/fr\/wp-json\/wp\/v2\/pages\/5992\/revisions"}],"predecessor-version":[{"id":6315,"href":"https:\/\/thesan.com\/fr\/wp-json\/wp\/v2\/pages\/5992\/revisions\/6315"}],"wp:attachment":[{"href":"https:\/\/thesan.com\/fr\/wp-json\/wp\/v2\/media?parent=5992"}],"curies":[{"name":"wp","href":"https:\/\/api.w.org\/{rel}","templated":true}]}}